{"id":471,"date":"2014-07-16T00:09:00","date_gmt":"2014-07-16T04:09:00","guid":{"rendered":"https:\/\/www.aviyatech.com\/?page_id=471"},"modified":"2024-05-07T15:39:50","modified_gmt":"2024-05-07T19:39:50","slug":"etude-de-cas","status":"publish","type":"page","link":"https:\/\/www.aviyatech.com\/fr\/lentreprise\/etude-de-cas\/","title":{"rendered":"\u00c9tude de cas"},"content":{"rendered":"<h1>Le SSCFv<\/h1>\n<p><strong>Le d\u00e9fi<\/strong><\/p>\n<p>Un important client du secteur a\u00e9rospatial avait de la difficult\u00e9 \u00e0 r\u00e9duire ses d\u00e9lais de mise en march\u00e9 et ses co\u00fbts d\u2019ing\u00e9nierie. Il a donc cherch\u00e9 de nouvelles m\u00e9thodes qui lui permettraient de mieux jumeler le processus de d\u00e9veloppement et de certification. Pour r\u00e9duire les chevauchements, rep\u00e9rer plus vite les probl\u00e8mes et r\u00e9duire les co\u00fbts, il devait resserrer le flux de travail. Si le flux de travail \u00e9tait plus serr\u00e9, cela lui permettrait de r\u00e9duire les chevauchements, de mieux rep\u00e9rer les probl\u00e8mes et de r\u00e9duire les co\u00fbts.<\/p>\n<p>Pour r\u00e9gler ces difficult\u00e9s, le client a fait appel \u00e0 l\u2019expertise et \u00e0 l\u2019exp\u00e9rience d\u2019Aviya, qui avait d\u00e9j\u00e0 travaill\u00e9 sur un certain nombre de ses programmes.<\/p>\n<p>Ce client utilisait d\u00e9j\u00e0 largement de la plateforme du syst\u00e8me de simulation en circuit ferm\u00e9 (SSCF) d\u2019Aviya pour v\u00e9rifier et valider ses syst\u00e8mes afin qu\u2019ils soient conformes \u00e0 la norme\u00a0DO-178B niveau A. Gr\u00e2ce \u00e0 sa capacit\u00e9 simuler avec une haute-fid\u00e9lit\u00e9 l\u2019environnement du syst\u00e8me de l\u2019a\u00e9ronef, le SSCF permet de proc\u00e9der \u00e0 des essais dynamiques en maintenant un \u00e9tat stable. Il est ainsi possible de pr\u00e9voir les comportements du syst\u00e8me et de proc\u00e9der \u00e0 toutes les mises \u00e0 l\u2019essai obligatoires.<\/p>\n<p><img loading=\"lazy\" decoding=\"async\" width=\"1260\" height=\"1260\" class=\"alignnone wp-image-498 size-full\" style=\"width: 100%;\" src=\"https:\/\/www.aviyatech.com\/wp-content\/uploads\/2015\/02\/CaseStudy_CLB.jpg\" alt=\"Un banc d'essai.\" srcset=\"https:\/\/www.aviyatech.com\/wp-content\/uploads\/2015\/02\/CaseStudy_CLB.jpg 1260w, https:\/\/www.aviyatech.com\/wp-content\/uploads\/2015\/02\/CaseStudy_CLB-150x150.jpg 150w, https:\/\/www.aviyatech.com\/wp-content\/uploads\/2015\/02\/CaseStudy_CLB-300x300.jpg 300w, https:\/\/www.aviyatech.com\/wp-content\/uploads\/2015\/02\/CaseStudy_CLB-1024x1024.jpg 1024w, https:\/\/www.aviyatech.com\/wp-content\/uploads\/2015\/02\/CaseStudy_CLB-66x66.jpg 66w\" sizes=\"(max-width: 1260px) 100vw, 1260px\" \/><\/p>\n<p>Le SSCF agit comme interface entre le contr\u00f4leur \u00e9lectronique du client et l\u2019environnement de simulation du mat\u00e9riel exclusif d\u2019Aviya, qui reproduit le comportement des capteurs et des effecteurs de l\u2019a\u00e9ronef. Cet environnement en temps r\u00e9el est int\u00e9gr\u00e9 \u00e0 la puissante interface d\u2019utilisateur graphique d\u2019Aviya, qui permet de cr\u00e9er des scripts intuitifs pour l\u2019ex\u00e9cution de sc\u00e9narios d\u2019essais dans un format reproductible.<\/p>\n<p>M\u00eame si le logiciel de contr\u00f4le est pr\u00eat d\u00e8s les premi\u00e8res \u00e9tapes du processus de d\u00e9veloppement, le SSCF demeure tributaire du mat\u00e9riel de contr\u00f4le. Nous avons donc demand\u00e9 \u00e0 l\u2019\u00e9quipe responsable de la recherche et du d\u00e9veloppement d\u2019Aviya de perfectionner la technologie de notre SSCF pour qu\u2019il soit possible de profiter de ses avantages \u00e0 des stades pr\u00e9coces du d\u00e9veloppement, bien avant que le mat\u00e9riel de contr\u00f4le ne soit pr\u00eat.<\/p>\n<p><strong>La solution<\/strong><\/p>\n<p>Ce travail a d\u00e9bouch\u00e9 sur la cr\u00e9ation du SSCF virtuel (SSCFv). Le SSCFv offre exactement le m\u00eame environnement logiciel que le SSCF d\u2019Aviya, mais permet une mise \u00e0 l\u2019essai int\u00e9grale du logiciel de contr\u00f4le sans passer par le mat\u00e9riel de contr\u00f4le. L\u2019environnement SSCF \u00e9tant disponible plus t\u00f4t pendant le cycle de d\u00e9veloppement, les ing\u00e9nieurs syst\u00e8me et logiciel disposent dor\u00e9navant d\u2019un autre outil puissant pour mettre \u00e0 l\u2019essai leurs mod\u00e8les, avec le m\u00eame degr\u00e9 de fid\u00e9lit\u00e9 que le SSCF.<\/p>\n<p><strong>Les avantages<\/strong><\/p>\n<p>\u00c9tant donn\u00e9 que le SSCFv partage la m\u00eame interface d\u2019utilisateur graphique que le SSCF, les scripts mis au point au d\u00e9but du cycle de d\u00e9veloppement avec le SSCFv peuvent \u00eatre ex\u00e9cut\u00e9s sur la plateforme SSCF une fois que le mat\u00e9riel de contr\u00f4le est pr\u00eat. L\u2019\u00e9quipe de v\u00e9rification et de validation peut se lancer beaucoup plus t\u00f4t dans la mise au point de scripts en vue des essais obligatoires, ce qui permet le chargement \u00e0 niveau de ressources et la r\u00e9duction des risques li\u00e9s \u00e0 la certification. Non seulement l\u2019\u00e9quipe responsable de la v\u00e9rification et de la validation peut-elle anticiper rapidement les probl\u00e8mes li\u00e9s au logiciel de contr\u00f4le, mais les ing\u00e9nieurs des syst\u00e8mes et des logiciels peuvent-ils \u00e9galement utiliser ces m\u00eames scripts avec leurs propres scripts utilisateur pour mettre \u00e0 l\u2019essai de fa\u00e7on informelle leurs mod\u00e8les de contr\u00f4le.<\/p>\n<p>Gr\u00e2ce au SSCFv, notre client a pu \u00e9conomiser du temps et de l\u2019argent aux \u00e9tapes du d\u00e9veloppement et de la certification, les essais \u00e0 r\u00e9elle valeur ajout\u00e9e pouvant commencer rapidement. On a ainsi pu r\u00e9duire le nombre de versions formelles du logiciel de contr\u00f4le qu\u2019il fallait produire, mais \u00e9galement l\u2019effort global investi dans les essais n\u00e9cessaires \u00e0 la certification.<\/p>\n","protected":false},"excerpt":{"rendered":"<p>Le SSCFv Le d\u00e9fi Un important client du secteur a\u00e9rospatial avait de la difficult\u00e9 \u00e0 r\u00e9duire ses d\u00e9lais de mise en march\u00e9 et ses co\u00fbts d\u2019ing\u00e9nierie. Il a donc cherch\u00e9 de nouvelles m\u00e9thodes qui lui permettraient de mieux jumeler le processus de d\u00e9veloppement et de certification. Pour r\u00e9duire les chevauchements, rep\u00e9rer plus vite les probl\u00e8mes [&hellip;]<\/p>\n","protected":false},"author":5,"featured_media":0,"parent":175,"menu_order":6,"comment_status":"open","ping_status":"closed","template":"","meta":{"footnotes":""},"acf":[],"yoast_head":"<!-- This site is optimized with the Yoast SEO plugin v21.7 - https:\/\/yoast.com\/wordpress\/plugins\/seo\/ -->\n<title>\u00c9tude de cas - Aviya<\/title>\n<meta name=\"robots\" content=\"index, follow, max-snippet:-1, max-image-preview:large, max-video-preview:-1\" \/>\n<link rel=\"canonical\" href=\"https:\/\/www.aviyatech.com\/fr\/lentreprise\/etude-de-cas\/\" \/>\n<meta property=\"og:locale\" content=\"fr_FR\" \/>\n<meta property=\"og:type\" content=\"article\" \/>\n<meta property=\"og:title\" content=\"\u00c9tude de cas - Aviya\" \/>\n<meta property=\"og:description\" content=\"Le SSCFv Le d\u00e9fi Un important client du secteur a\u00e9rospatial avait de la difficult\u00e9 \u00e0 r\u00e9duire ses d\u00e9lais de mise en march\u00e9 et ses co\u00fbts d\u2019ing\u00e9nierie. Il a donc cherch\u00e9 de nouvelles m\u00e9thodes qui lui permettraient de mieux jumeler le processus de d\u00e9veloppement et de certification. Pour r\u00e9duire les chevauchements, rep\u00e9rer plus vite les probl\u00e8mes [&hellip;]\" \/>\n<meta property=\"og:url\" content=\"https:\/\/www.aviyatech.com\/fr\/lentreprise\/etude-de-cas\/\" \/>\n<meta property=\"og:site_name\" content=\"Aviya\" \/>\n<meta property=\"article:modified_time\" content=\"2024-05-07T19:39:50+00:00\" \/>\n<meta property=\"og:image\" content=\"https:\/\/www.aviyatech.com\/wp-content\/uploads\/2015\/02\/CaseStudy_CLB.jpg\" \/>\n<meta name=\"twitter:card\" content=\"summary_large_image\" \/>\n<meta name=\"twitter:label1\" content=\"Est. reading time\" \/>\n\t<meta name=\"twitter:data1\" content=\"3 minutes\" \/>\n<script type=\"application\/ld+json\" class=\"yoast-schema-graph\">{\"@context\":\"https:\/\/schema.org\",\"@graph\":[{\"@type\":\"WebPage\",\"@id\":\"https:\/\/www.aviyatech.com\/fr\/lentreprise\/etude-de-cas\/\",\"url\":\"https:\/\/www.aviyatech.com\/fr\/lentreprise\/etude-de-cas\/\",\"name\":\"\u00c9tude de cas - Aviya\",\"isPartOf\":{\"@id\":\"https:\/\/www.aviyatech.com\/fr\/#website\"},\"datePublished\":\"2014-07-16T04:09:00+00:00\",\"dateModified\":\"2024-05-07T19:39:50+00:00\",\"breadcrumb\":{\"@id\":\"https:\/\/www.aviyatech.com\/fr\/lentreprise\/etude-de-cas\/#breadcrumb\"},\"inLanguage\":\"fr-FR\",\"potentialAction\":[{\"@type\":\"ReadAction\",\"target\":[\"https:\/\/www.aviyatech.com\/fr\/lentreprise\/etude-de-cas\/\"]}]},{\"@type\":\"BreadcrumbList\",\"@id\":\"https:\/\/www.aviyatech.com\/fr\/lentreprise\/etude-de-cas\/#breadcrumb\",\"itemListElement\":[{\"@type\":\"ListItem\",\"position\":1,\"name\":\"Home\",\"item\":\"https:\/\/www.aviyatech.com\/fr\/accueil\/\"},{\"@type\":\"ListItem\",\"position\":2,\"name\":\"L&rsquo;entreprise\",\"item\":\"https:\/\/www.aviyatech.com\/fr\/lentreprise\/\"},{\"@type\":\"ListItem\",\"position\":3,\"name\":\"\u00c9tude de cas\"}]},{\"@type\":\"WebSite\",\"@id\":\"https:\/\/www.aviyatech.com\/fr\/#website\",\"url\":\"https:\/\/www.aviyatech.com\/fr\/\",\"name\":\"Aviya\",\"description\":\"\",\"publisher\":{\"@id\":\"https:\/\/www.aviyatech.com\/fr\/#organization\"},\"potentialAction\":[{\"@type\":\"SearchAction\",\"target\":{\"@type\":\"EntryPoint\",\"urlTemplate\":\"https:\/\/www.aviyatech.com\/fr\/?s={search_term_string}\"},\"query-input\":\"required name=search_term_string\"}],\"inLanguage\":\"fr-FR\"},{\"@type\":\"Organization\",\"@id\":\"https:\/\/www.aviyatech.com\/fr\/#organization\",\"name\":\"Aviya Aerospace Systems\",\"url\":\"https:\/\/www.aviyatech.com\/fr\/\",\"logo\":{\"@type\":\"ImageObject\",\"inLanguage\":\"fr-FR\",\"@id\":\"https:\/\/www.aviyatech.com\/fr\/#\/schema\/logo\/image\/\",\"url\":\"http:\/\/www.aviyatech.com\/wp-content\/uploads\/2014\/07\/logo_en.png\",\"contentUrl\":\"http:\/\/www.aviyatech.com\/wp-content\/uploads\/2014\/07\/logo_en.png\",\"width\":90,\"height\":84,\"caption\":\"Aviya Aerospace Systems\"},\"image\":{\"@id\":\"https:\/\/www.aviyatech.com\/fr\/#\/schema\/logo\/image\/\"},\"sameAs\":[\"https:\/\/www.linkedin.com\/company\/1026725\"]}]}<\/script>\n<!-- \/ Yoast SEO plugin. -->","yoast_head_json":{"title":"\u00c9tude de cas - Aviya","robots":{"index":"index","follow":"follow","max-snippet":"max-snippet:-1","max-image-preview":"max-image-preview:large","max-video-preview":"max-video-preview:-1"},"canonical":"https:\/\/www.aviyatech.com\/fr\/lentreprise\/etude-de-cas\/","og_locale":"fr_FR","og_type":"article","og_title":"\u00c9tude de cas - Aviya","og_description":"Le SSCFv Le d\u00e9fi Un important client du secteur a\u00e9rospatial avait de la difficult\u00e9 \u00e0 r\u00e9duire ses d\u00e9lais de mise en march\u00e9 et ses co\u00fbts d\u2019ing\u00e9nierie. Il a donc cherch\u00e9 de nouvelles m\u00e9thodes qui lui permettraient de mieux jumeler le processus de d\u00e9veloppement et de certification. Pour r\u00e9duire les chevauchements, rep\u00e9rer plus vite les probl\u00e8mes [&hellip;]","og_url":"https:\/\/www.aviyatech.com\/fr\/lentreprise\/etude-de-cas\/","og_site_name":"Aviya","article_modified_time":"2024-05-07T19:39:50+00:00","og_image":[{"url":"https:\/\/www.aviyatech.com\/wp-content\/uploads\/2015\/02\/CaseStudy_CLB.jpg"}],"twitter_card":"summary_large_image","twitter_misc":{"Est. reading time":"3 minutes"},"schema":{"@context":"https:\/\/schema.org","@graph":[{"@type":"WebPage","@id":"https:\/\/www.aviyatech.com\/fr\/lentreprise\/etude-de-cas\/","url":"https:\/\/www.aviyatech.com\/fr\/lentreprise\/etude-de-cas\/","name":"\u00c9tude de cas - Aviya","isPartOf":{"@id":"https:\/\/www.aviyatech.com\/fr\/#website"},"datePublished":"2014-07-16T04:09:00+00:00","dateModified":"2024-05-07T19:39:50+00:00","breadcrumb":{"@id":"https:\/\/www.aviyatech.com\/fr\/lentreprise\/etude-de-cas\/#breadcrumb"},"inLanguage":"fr-FR","potentialAction":[{"@type":"ReadAction","target":["https:\/\/www.aviyatech.com\/fr\/lentreprise\/etude-de-cas\/"]}]},{"@type":"BreadcrumbList","@id":"https:\/\/www.aviyatech.com\/fr\/lentreprise\/etude-de-cas\/#breadcrumb","itemListElement":[{"@type":"ListItem","position":1,"name":"Home","item":"https:\/\/www.aviyatech.com\/fr\/accueil\/"},{"@type":"ListItem","position":2,"name":"L&rsquo;entreprise","item":"https:\/\/www.aviyatech.com\/fr\/lentreprise\/"},{"@type":"ListItem","position":3,"name":"\u00c9tude de cas"}]},{"@type":"WebSite","@id":"https:\/\/www.aviyatech.com\/fr\/#website","url":"https:\/\/www.aviyatech.com\/fr\/","name":"Aviya","description":"","publisher":{"@id":"https:\/\/www.aviyatech.com\/fr\/#organization"},"potentialAction":[{"@type":"SearchAction","target":{"@type":"EntryPoint","urlTemplate":"https:\/\/www.aviyatech.com\/fr\/?s={search_term_string}"},"query-input":"required name=search_term_string"}],"inLanguage":"fr-FR"},{"@type":"Organization","@id":"https:\/\/www.aviyatech.com\/fr\/#organization","name":"Aviya Aerospace Systems","url":"https:\/\/www.aviyatech.com\/fr\/","logo":{"@type":"ImageObject","inLanguage":"fr-FR","@id":"https:\/\/www.aviyatech.com\/fr\/#\/schema\/logo\/image\/","url":"http:\/\/www.aviyatech.com\/wp-content\/uploads\/2014\/07\/logo_en.png","contentUrl":"http:\/\/www.aviyatech.com\/wp-content\/uploads\/2014\/07\/logo_en.png","width":90,"height":84,"caption":"Aviya Aerospace Systems"},"image":{"@id":"https:\/\/www.aviyatech.com\/fr\/#\/schema\/logo\/image\/"},"sameAs":["https:\/\/www.linkedin.com\/company\/1026725"]}]}},"_links":{"self":[{"href":"https:\/\/www.aviyatech.com\/fr\/wp-json\/wp\/v2\/pages\/471"}],"collection":[{"href":"https:\/\/www.aviyatech.com\/fr\/wp-json\/wp\/v2\/pages"}],"about":[{"href":"https:\/\/www.aviyatech.com\/fr\/wp-json\/wp\/v2\/types\/page"}],"author":[{"embeddable":true,"href":"https:\/\/www.aviyatech.com\/fr\/wp-json\/wp\/v2\/users\/5"}],"replies":[{"embeddable":true,"href":"https:\/\/www.aviyatech.com\/fr\/wp-json\/wp\/v2\/comments?post=471"}],"version-history":[{"count":4,"href":"https:\/\/www.aviyatech.com\/fr\/wp-json\/wp\/v2\/pages\/471\/revisions"}],"predecessor-version":[{"id":2321,"href":"https:\/\/www.aviyatech.com\/fr\/wp-json\/wp\/v2\/pages\/471\/revisions\/2321"}],"up":[{"embeddable":true,"href":"https:\/\/www.aviyatech.com\/fr\/wp-json\/wp\/v2\/pages\/175"}],"wp:attachment":[{"href":"https:\/\/www.aviyatech.com\/fr\/wp-json\/wp\/v2\/media?parent=471"}],"curies":[{"name":"wp","href":"https:\/\/api.w.org\/{rel}","templated":true}]}}