{"id":348,"date":"2014-07-15T20:17:54","date_gmt":"2014-07-16T00:17:54","guid":{"rendered":"https:\/\/www.aviyatech.com\/?page_id=348"},"modified":"2024-05-05T06:24:27","modified_gmt":"2024-05-05T10:24:27","slug":"accueil","status":"publish","type":"page","link":"https:\/\/www.aviyatech.com\/fr\/","title":{"rendered":"Accueil"},"content":{"rendered":"<blockquote>\n<p style=\"text-align: left; color: #000000;\">Aviya Aerospace Systems offre aux grandes entreprises mondiales du secteur de l\u2019a\u00e9rospatial des solutions personnalis\u00e9es \u00e0 prix concurrentiel. Notre soci\u00e9t\u00e9 se distingue par l\u2019excellence du service \u00e0 la client\u00e8le et de ses services d\u2019ing\u00e9nierie. <a style=\"color: #4d52a8 !important; text-decoration: underline;\" title=\"Profil de l\u2019entreprise\" href=\"https:\/\/www.aviyatech.com\/fr\/profil-de-lentreprise\/\">En savoir plus &gt;<\/a><\/p>\n<\/blockquote>\n<div class=\"one_third\">\n<h3>Salle de nouvelles<\/h3>\n<p><img loading=\"lazy\" decoding=\"async\" class=\"alignnone wp-image-229 size-full\" src=\"https:\/\/www.aviyatech.com\/wp-content\/uploads\/2014\/07\/home1.jpg\" alt=\"Une turbine \u00e0 gaz typique.\" width=\"300\" height=\"174\" \/><br \/>\n<div id=\"recentpostswithexcerpts-7\" class=\"footer-widget-col recent_with_excerpt amr_widget\"><ul class=\"recent_posts_with_excerpts\"><li><h2 class=\"recent_posts_with_excerpts\"><a href=\"https:\/\/www.aviyatech.com\/fr\/aviya-aerospace-systems-annonce-lobtention-de-deux-importants-programmes\/\">Aviya Aerospace Systems annonce l\u2019obtention de deux importants programmes<\/a><\/h2><h3 class=\"date\">7 November 2018<\/h3>                    <blockquote> <p>Aviya Aerospace Systems a annonc\u00e9 aujourd\u2019hui que l\u2019entreprise s\u2019\u00e9tait vue accorder un important programme qui fera appel \u00e0 la technologie de son banc d\u2019essai en boucle ferm\u00e9e (Closed Loop Bench) au sein d\u2019un nouveau laboratoire d\u2019int\u00e9gration de syst\u00e8mes avioniques, ainsi qu\u2019un contrat d\u2019\u00e9laboration et de validation de dispositifs de commande d\u2019avion. Au laboratoire d\u2019int\u00e9gration des [&hellip;]<\/p>\n<p class=\"alignright\"><small><a href=\"https:\/\/www.aviyatech.com\/fr\/aviya-aerospace-systems-annonce-lobtention-de-deux-importants-programmes\/\">En savoir plus ><\/a><\/small><\/p>\n                    <\/blockquote> <\/li>\n\t\t\t<li><h2 class=\"recent_posts_with_excerpts\"><a href=\"https:\/\/www.aviyatech.com\/fr\/aviya-accueille-lhonorable-marc-garneau-et-le-depute-federal-gagan-sikand-dans-ses-bureaux-a-mississauga\/\">Aviya accueille l\u2019Honorable Marc Garneau et le d\u00e9put\u00e9 f\u00e9d\u00e9ral Gagan Sikand dans ses bureaux \u00e0 Mississauga<\/a><\/h2><h3 class=\"date\">7 May 2018<\/h3>                    <blockquote> <p>Les employ\u00e9s d\u2019Aviya ont r\u00e9cemment eu l\u2019occasion de recevoir l\u2019Honorable Marc Garneau, ministre des Transports, et Gagan Sikand, notre d\u00e9put\u00e9 f\u00e9d\u00e9ral de Mississauga-Streetsville. \u00c0 titre de membre du Comit\u00e9 permanent des transports, de l\u2019infrastructure et des collectivit\u00e9s, M.\u00a0Sikand nous a parl\u00e9 de la relation \u00e0 long terme dont jouit Aviya en tant que fier membre [&hellip;]<\/p>\n<p class=\"alignright\"><small><a href=\"https:\/\/www.aviyatech.com\/fr\/aviya-accueille-lhonorable-marc-garneau-et-le-depute-federal-gagan-sikand-dans-ses-bureaux-a-mississauga\/\">En savoir plus ><\/a><\/small><\/p>\n                    <\/blockquote> <\/li>\n\t\t\t\t\t\t<\/ul>\n\t\t\t<div style=\"clear:both;\"><\/div><\/div><\/p>\n<\/div><div class=\"one_third\">\n<h3>Nos services<\/h3>\n<p><img loading=\"lazy\" decoding=\"async\" class=\"alignnone wp-image-227 size-full\" src=\"https:\/\/www.aviyatech.com\/wp-content\/uploads\/2014\/07\/home2.jpg\" alt=\"Un ing\u00e9nieur de Aviya proc\u00e9dant \u00e0 l'essai d'un \u00e9quipement.\" width=\"300\" height=\"174\" \/><\/p>\n<p><span style=\"color: #000000;\">Aviya vous offre un guichet unique pour r\u00e9pondre \u00e0 tous vos besoins en mati\u00e8re de certification. Nous avons les capacit\u00e9s internes de vous offrir un soutien \u00e0 toutes les \u00e9tapes du d\u00e9veloppement d\u2019un produit :<\/span><\/p>\n<p><a title=\"Certification\" href=\"https:\/\/www.aviyatech.com\/fr\/certification\/\">Certification<\/a><br \/>\n<a title=\"Gestion de programme\" href=\"https:\/\/www.aviyatech.com\/fr\/gestion-de-programme\/\">Gestion de programme<\/a><br \/>\n<a title=\"Ing\u00e9nierie\" href=\"https:\/\/www.aviyatech.com\/fr\/ingenierie\/\">Ing\u00e9nierie<\/a><\/p>\n<p><span style=\"color: #000000;\">Nous travaillons en \u00e9troite collaboration avec des chefs de file de l\u2019industrie afin que vous puissiez proc\u00e9der au d\u00e9veloppement, \u00e0 la production, au d\u00e9bogage, \u00e0 la simulation et aux essais dans un seul et m\u00eame environnement. <\/span><\/p>\n<p><a title=\"Notre expertise\" href=\"https:\/\/www.aviyatech.com\/fr\/notre-expertise\/\">En savoir plus sur les services d&#8217;Aviya &gt;<\/a><\/p>\n<p><a title=\"\u00c9tude de cas\" href=\"https:\/\/www.aviyatech.com\/fr\/lentreprise\/etude-de-cas\/\">Explorez les \u00e9tudes de cas d&#8217;Aviya &gt;<\/a><\/p>\n<\/div><div class=\"one_third last\">\n<h3>Possibilit\u00e9s de carri\u00e8re<\/h3>\n<div style=\"background-color: #ddf5f7; padding: 0 0px 20px;\"><iframe class=\"side_yt\" title=\"YouTube video player\" src=\"https:\/\/www.youtube.com\/embed\/CTgbyP1Jk1M\" allowfullscreen=\"allowfullscreen\"><\/iframe><\/p>\n<div style=\"color: #000000; padding: 0 15px 0px; background-color: #ddf5f7;\">\n<p>Chez Aviya, chaque employ\u00e9 compte, et la contribution de chacun est pr\u00e9cieuse. Vous travaillerez aux c\u00f4t\u00e9s d\u2019experts chevronn\u00e9s de notre industrie, dans un environnement o\u00f9 vous pourrez vraiment exceller. Laissez votre carri\u00e8re prendre son envol. Communiquez avec nous pour plus de renseignements sur les possibilit\u00e9s de carri\u00e8re chez Aviya.<\/p>\n<p><a title=\"Pourquoi Aviya?\" href=\"https:\/\/www.aviyatech.com\/fr\/pourquoi-aviya\/\">En savoir plus sur les possibilit\u00e9s de carri\u00e8re chez Aviya &gt; <\/a><\/p>\n<\/div>\n<\/div>\n<div id=\"recentpostswithexcerpts-8\" class=\"footer-widget-col recent_with_excerpt amr_widget\"><h3>Postes Disponibles<\/h3><ul class=\"recent_posts_with_excerpts\"><li><h2 class=\"recent_posts_with_excerpts\"><a href=\"https:\/\/www.aviyatech.com\/fr\/developpeur-de-logiciels-mississauga\/\">D\u00e9veloppeur de logiciels &#8211; Mississauga<\/a><\/h2><h3 class=\"date\">10 December 2019<\/h3>                    <blockquote> <p>Nous sommes actuellement \u00e0 la recherche d\u2019un d\u00e9veloppeur ou d\u2019une d\u00e9veloppeuse de logiciels pour notre groupe de l\u2019ing\u00e9nierie de Mississauga. Fonctions du poste&nbsp;: Qualifications requises&nbsp;: Si vous pensez que ces qualifications vous d\u00e9crivent, s&#8217;il vous pla\u00eet postuler ci-dessous. Aviya Aerospace Systems est un employeur souscrivant au principe de l\u2019\u00e9galit\u00e9 d\u2019acc\u00e8s \u00e0 l\u2019emploi et offre \u00e0 [&hellip;]<\/p>\n<p class=\"alignright\"><small><a href=\"https:\/\/www.aviyatech.com\/fr\/developpeur-de-logiciels-mississauga\/\">En savoir plus ><\/a><\/small><\/p>\n                    <\/blockquote> <\/li>\n\t\t\t\t\t\t<\/ul>\n\t\t\t<div style=\"clear:both;\"><\/div><\/div>\n<\/div><div class=\"clearboth\"><\/div>\n","protected":false},"excerpt":{"rendered":"<p>Aviya Aerospace Systems offre aux grandes entreprises mondiales du secteur de l\u2019a\u00e9rospatial des solutions personnalis\u00e9es \u00e0 prix concurrentiel. Notre soci\u00e9t\u00e9 se distingue par l\u2019excellence du service \u00e0 la client\u00e8le et de ses services d\u2019ing\u00e9nierie. En savoir plus &gt;<\/p>\n","protected":false},"author":5,"featured_media":0,"parent":0,"menu_order":1,"comment_status":"open","ping_status":"closed","template":"full-width.php","meta":{"footnotes":""},"acf":[],"yoast_head":"<!-- This site is optimized with the Yoast SEO plugin v21.7 - https:\/\/yoast.com\/wordpress\/plugins\/seo\/ -->\n<title>Accueil - Aviya<\/title>\n<meta name=\"robots\" content=\"index, follow, max-snippet:-1, max-image-preview:large, max-video-preview:-1\" \/>\n<link rel=\"canonical\" href=\"https:\/\/www.aviyatech.com\/fr\/\" \/>\n<meta property=\"og:locale\" content=\"fr_FR\" \/>\n<meta property=\"og:type\" content=\"article\" \/>\n<meta property=\"og:title\" content=\"Accueil - Aviya\" \/>\n<meta property=\"og:description\" content=\"Aviya Aerospace Systems offre aux grandes entreprises mondiales du secteur de l\u2019a\u00e9rospatial des solutions personnalis\u00e9es \u00e0 prix concurrentiel. Notre soci\u00e9t\u00e9 se distingue par l\u2019excellence du service \u00e0 la client\u00e8le et de ses services d\u2019ing\u00e9nierie. En savoir plus &gt;\" \/>\n<meta property=\"og:url\" content=\"https:\/\/www.aviyatech.com\/fr\/\" \/>\n<meta property=\"og:site_name\" content=\"Aviya\" \/>\n<meta property=\"article:modified_time\" content=\"2024-05-05T10:24:27+00:00\" \/>\n<meta property=\"og:image\" content=\"https:\/\/www.aviyatech.com\/wp-content\/uploads\/2014\/07\/home1.jpg\" \/>\n<meta name=\"twitter:card\" content=\"summary_large_image\" \/>\n<meta name=\"twitter:label1\" content=\"Est. reading time\" \/>\n\t<meta name=\"twitter:data1\" content=\"2 minutes\" \/>\n<script type=\"application\/ld+json\" class=\"yoast-schema-graph\">{\"@context\":\"https:\/\/schema.org\",\"@graph\":[{\"@type\":\"WebPage\",\"@id\":\"https:\/\/www.aviyatech.com\/fr\/\",\"url\":\"https:\/\/www.aviyatech.com\/fr\/\",\"name\":\"Accueil - Aviya\",\"isPartOf\":{\"@id\":\"https:\/\/www.aviyatech.com\/fr\/#website\"},\"datePublished\":\"2014-07-16T00:17:54+00:00\",\"dateModified\":\"2024-05-05T10:24:27+00:00\",\"breadcrumb\":{\"@id\":\"https:\/\/www.aviyatech.com\/fr\/#breadcrumb\"},\"inLanguage\":\"fr-FR\",\"potentialAction\":[{\"@type\":\"ReadAction\",\"target\":[\"https:\/\/www.aviyatech.com\/fr\/\"]}]},{\"@type\":\"BreadcrumbList\",\"@id\":\"https:\/\/www.aviyatech.com\/fr\/#breadcrumb\",\"itemListElement\":[{\"@type\":\"ListItem\",\"position\":1,\"name\":\"Home\",\"item\":\"https:\/\/www.aviyatech.com\/fr\/accueil\/\"},{\"@type\":\"ListItem\",\"position\":2,\"name\":\"Accueil\"}]},{\"@type\":\"WebSite\",\"@id\":\"https:\/\/www.aviyatech.com\/fr\/#website\",\"url\":\"https:\/\/www.aviyatech.com\/fr\/\",\"name\":\"Aviya\",\"description\":\"\",\"publisher\":{\"@id\":\"https:\/\/www.aviyatech.com\/fr\/#organization\"},\"potentialAction\":[{\"@type\":\"SearchAction\",\"target\":{\"@type\":\"EntryPoint\",\"urlTemplate\":\"https:\/\/www.aviyatech.com\/fr\/?s={search_term_string}\"},\"query-input\":\"required name=search_term_string\"}],\"inLanguage\":\"fr-FR\"},{\"@type\":\"Organization\",\"@id\":\"https:\/\/www.aviyatech.com\/fr\/#organization\",\"name\":\"Aviya Aerospace Systems\",\"url\":\"https:\/\/www.aviyatech.com\/fr\/\",\"logo\":{\"@type\":\"ImageObject\",\"inLanguage\":\"fr-FR\",\"@id\":\"https:\/\/www.aviyatech.com\/fr\/#\/schema\/logo\/image\/\",\"url\":\"http:\/\/www.aviyatech.com\/wp-content\/uploads\/2014\/07\/logo_en.png\",\"contentUrl\":\"http:\/\/www.aviyatech.com\/wp-content\/uploads\/2014\/07\/logo_en.png\",\"width\":90,\"height\":84,\"caption\":\"Aviya Aerospace Systems\"},\"image\":{\"@id\":\"https:\/\/www.aviyatech.com\/fr\/#\/schema\/logo\/image\/\"},\"sameAs\":[\"https:\/\/www.linkedin.com\/company\/1026725\"]}]}<\/script>\n<!-- \/ Yoast SEO plugin. -->","yoast_head_json":{"title":"Accueil - Aviya","robots":{"index":"index","follow":"follow","max-snippet":"max-snippet:-1","max-image-preview":"max-image-preview:large","max-video-preview":"max-video-preview:-1"},"canonical":"https:\/\/www.aviyatech.com\/fr\/","og_locale":"fr_FR","og_type":"article","og_title":"Accueil - Aviya","og_description":"Aviya Aerospace Systems offre aux grandes entreprises mondiales du secteur de l\u2019a\u00e9rospatial des solutions personnalis\u00e9es \u00e0 prix concurrentiel. Notre soci\u00e9t\u00e9 se distingue par l\u2019excellence du service \u00e0 la client\u00e8le et de ses services d\u2019ing\u00e9nierie. En savoir plus &gt;","og_url":"https:\/\/www.aviyatech.com\/fr\/","og_site_name":"Aviya","article_modified_time":"2024-05-05T10:24:27+00:00","og_image":[{"url":"https:\/\/www.aviyatech.com\/wp-content\/uploads\/2014\/07\/home1.jpg"}],"twitter_card":"summary_large_image","twitter_misc":{"Est. reading time":"2 minutes"},"schema":{"@context":"https:\/\/schema.org","@graph":[{"@type":"WebPage","@id":"https:\/\/www.aviyatech.com\/fr\/","url":"https:\/\/www.aviyatech.com\/fr\/","name":"Accueil - Aviya","isPartOf":{"@id":"https:\/\/www.aviyatech.com\/fr\/#website"},"datePublished":"2014-07-16T00:17:54+00:00","dateModified":"2024-05-05T10:24:27+00:00","breadcrumb":{"@id":"https:\/\/www.aviyatech.com\/fr\/#breadcrumb"},"inLanguage":"fr-FR","potentialAction":[{"@type":"ReadAction","target":["https:\/\/www.aviyatech.com\/fr\/"]}]},{"@type":"BreadcrumbList","@id":"https:\/\/www.aviyatech.com\/fr\/#breadcrumb","itemListElement":[{"@type":"ListItem","position":1,"name":"Home","item":"https:\/\/www.aviyatech.com\/fr\/accueil\/"},{"@type":"ListItem","position":2,"name":"Accueil"}]},{"@type":"WebSite","@id":"https:\/\/www.aviyatech.com\/fr\/#website","url":"https:\/\/www.aviyatech.com\/fr\/","name":"Aviya","description":"","publisher":{"@id":"https:\/\/www.aviyatech.com\/fr\/#organization"},"potentialAction":[{"@type":"SearchAction","target":{"@type":"EntryPoint","urlTemplate":"https:\/\/www.aviyatech.com\/fr\/?s={search_term_string}"},"query-input":"required name=search_term_string"}],"inLanguage":"fr-FR"},{"@type":"Organization","@id":"https:\/\/www.aviyatech.com\/fr\/#organization","name":"Aviya Aerospace Systems","url":"https:\/\/www.aviyatech.com\/fr\/","logo":{"@type":"ImageObject","inLanguage":"fr-FR","@id":"https:\/\/www.aviyatech.com\/fr\/#\/schema\/logo\/image\/","url":"http:\/\/www.aviyatech.com\/wp-content\/uploads\/2014\/07\/logo_en.png","contentUrl":"http:\/\/www.aviyatech.com\/wp-content\/uploads\/2014\/07\/logo_en.png","width":90,"height":84,"caption":"Aviya Aerospace Systems"},"image":{"@id":"https:\/\/www.aviyatech.com\/fr\/#\/schema\/logo\/image\/"},"sameAs":["https:\/\/www.linkedin.com\/company\/1026725"]}]}},"_links":{"self":[{"href":"https:\/\/www.aviyatech.com\/fr\/wp-json\/wp\/v2\/pages\/348"}],"collection":[{"href":"https:\/\/www.aviyatech.com\/fr\/wp-json\/wp\/v2\/pages"}],"about":[{"href":"https:\/\/www.aviyatech.com\/fr\/wp-json\/wp\/v2\/types\/page"}],"author":[{"embeddable":true,"href":"https:\/\/www.aviyatech.com\/fr\/wp-json\/wp\/v2\/users\/5"}],"replies":[{"embeddable":true,"href":"https:\/\/www.aviyatech.com\/fr\/wp-json\/wp\/v2\/comments?post=348"}],"version-history":[{"count":20,"href":"https:\/\/www.aviyatech.com\/fr\/wp-json\/wp\/v2\/pages\/348\/revisions"}],"predecessor-version":[{"id":2308,"href":"https:\/\/www.aviyatech.com\/fr\/wp-json\/wp\/v2\/pages\/348\/revisions\/2308"}],"wp:attachment":[{"href":"https:\/\/www.aviyatech.com\/fr\/wp-json\/wp\/v2\/media?parent=348"}],"curies":[{"name":"wp","href":"https:\/\/api.w.org\/{rel}","templated":true}]}}