{"id":207,"date":"2014-09-15T20:55:21","date_gmt":"2014-09-16T00:55:21","guid":{"rendered":"https:\/\/www.aviyatech.com\/?page_id=207"},"modified":"2024-05-07T11:13:14","modified_gmt":"2024-05-07T15:13:14","slug":"jeunes-diplomes-travail-etudes-et-stages","status":"publish","type":"page","link":"https:\/\/www.aviyatech.com\/fr\/jeunes-diplomes-travail-etudes-et-stages\/","title":{"rendered":"Jeunes dipl\u00f4m\u00e9s, travail-\u00e9tudes et stages"},"content":{"rendered":"<h1><strong>Jeunes dipl\u00f4m\u00e9s, travail-\u00e9tudes et stages<\/strong><\/h1>\n<h2>Un stage chez Aviya<\/h2>\n<p>Aviya valorise \u00e9norm\u00e9ment les programmes de stage, car ils offrent aux \u00e9tudiants l\u2019occasion de faire carri\u00e8re dans le domaine du g\u00e9nie a\u00e9rospatial. Chaque ann\u00e9e, nous employons de nombreux stagiaires \u00e9tudiant dans diverses universit\u00e9s et, gr\u00e2ce \u00e0 nos projets maison, nous leur offrons une exp\u00e9rience d\u2019apprentissage inestimable.<\/p>\n<p><img loading=\"lazy\" decoding=\"async\" width=\"1260\" height=\"768\" class=\"alignnone wp-image-482 size-full\" src=\"https:\/\/www.aviyatech.com\/wp-content\/uploads\/2014\/10\/NewGradsCoopsInternships.jpg\" alt=\"Un ing\u00e9nieur de Aviya proc\u00e9dant \u00e0 l'essai d'un \u00e9quipement.\" style=\"width:100%;\" srcset=\"https:\/\/www.aviyatech.com\/wp-content\/uploads\/2014\/10\/NewGradsCoopsInternships.jpg 1260w, https:\/\/www.aviyatech.com\/wp-content\/uploads\/2014\/10\/NewGradsCoopsInternships-300x183.jpg 300w, https:\/\/www.aviyatech.com\/wp-content\/uploads\/2014\/10\/NewGradsCoopsInternships-1024x624.jpg 1024w\" sizes=\"(max-width: 1260px) 100vw, 1260px\" \/><\/p>\n<p>Les candidats retenus se joignent \u00e0 une vaste \u00e9quipe responsable de la certification DO-178B Niveau A des logiciels essentiels \u00e0 la s\u00e9curit\u00e9 et travaillent avec nos \u00e9quipes tactiques en R et D sur de nouvelles technologies de pointe. Aviya veille \u00e0 ce que chaque \u00e9tudiant termine son stage fort d\u2019une riche exp\u00e9rience qui le m\u00e8nera vers une carri\u00e8re fructueuse dans le domaine du g\u00e9nie. Certains d\u00e9cident de faire plusieurs stages chez nous et sont ensuite embauch\u00e9s si des postes \u00e0 temps plein se lib\u00e8rent chez Aviya.<\/p>\n<p>Surveillez<a href=\"https:\/\/www.linkedin.com\/vsearch\/j?page_num=1&amp;keywords=Aviya+Technologies+Inc&amp;locationType=Y&amp;f_C=1026725&amp;trk=careers_promo_module_description\"> le calendrier des salons de l\u2019emploi dans les m\u00e9dias sociaux<\/a> pour nous rendre visite la prochaine fois que nous ferons un saut dans votre \u00e9tablissement d\u2019enseignement, ou encore surveillez les offres de stage destin\u00e9s aux \u00e9tudiants.<\/p>\n","protected":false},"excerpt":{"rendered":"<p>Jeunes dipl\u00f4m\u00e9s, travail-\u00e9tudes et stages Un stage chez Aviya Aviya valorise \u00e9norm\u00e9ment les programmes de stage, car ils offrent aux \u00e9tudiants l\u2019occasion de faire carri\u00e8re dans le domaine du g\u00e9nie a\u00e9rospatial. Chaque ann\u00e9e, nous employons de nombreux stagiaires \u00e9tudiant dans diverses universit\u00e9s et, gr\u00e2ce \u00e0 nos projets maison, nous leur offrons une exp\u00e9rience d\u2019apprentissage inestimable. [&hellip;]<\/p>\n","protected":false},"author":5,"featured_media":0,"parent":0,"menu_order":2,"comment_status":"closed","ping_status":"open","template":"","meta":{"footnotes":""},"acf":[],"yoast_head":"<!-- This site is optimized with the Yoast SEO plugin v21.7 - https:\/\/yoast.com\/wordpress\/plugins\/seo\/ -->\n<title>Jeunes dipl\u00f4m\u00e9s, travail-\u00e9tudes et stages - Aviya<\/title>\n<meta name=\"robots\" content=\"index, follow, max-snippet:-1, max-image-preview:large, max-video-preview:-1\" \/>\n<link rel=\"canonical\" href=\"https:\/\/www.aviyatech.com\/fr\/jeunes-diplomes-travail-etudes-et-stages\/\" \/>\n<meta property=\"og:locale\" content=\"fr_FR\" \/>\n<meta property=\"og:type\" content=\"article\" \/>\n<meta property=\"og:title\" content=\"Jeunes dipl\u00f4m\u00e9s, travail-\u00e9tudes et stages - Aviya\" \/>\n<meta property=\"og:description\" content=\"Jeunes dipl\u00f4m\u00e9s, travail-\u00e9tudes et stages Un stage chez Aviya Aviya valorise \u00e9norm\u00e9ment les programmes de stage, car ils offrent aux \u00e9tudiants l\u2019occasion de faire carri\u00e8re dans le domaine du g\u00e9nie a\u00e9rospatial. Chaque ann\u00e9e, nous employons de nombreux stagiaires \u00e9tudiant dans diverses universit\u00e9s et, gr\u00e2ce \u00e0 nos projets maison, nous leur offrons une exp\u00e9rience d\u2019apprentissage inestimable. [&hellip;]\" \/>\n<meta property=\"og:url\" content=\"https:\/\/www.aviyatech.com\/fr\/jeunes-diplomes-travail-etudes-et-stages\/\" \/>\n<meta property=\"og:site_name\" content=\"Aviya\" \/>\n<meta property=\"article:modified_time\" content=\"2024-05-07T15:13:14+00:00\" \/>\n<meta property=\"og:image\" content=\"https:\/\/www.aviyatech.com\/wp-content\/uploads\/2014\/10\/NewGradsCoopsInternships.jpg\" \/>\n<meta name=\"twitter:card\" content=\"summary_large_image\" \/>\n<meta name=\"twitter:label1\" content=\"Est. reading time\" \/>\n\t<meta name=\"twitter:data1\" content=\"1 minute\" \/>\n<script type=\"application\/ld+json\" class=\"yoast-schema-graph\">{\"@context\":\"https:\/\/schema.org\",\"@graph\":[{\"@type\":\"WebPage\",\"@id\":\"https:\/\/www.aviyatech.com\/fr\/jeunes-diplomes-travail-etudes-et-stages\/\",\"url\":\"https:\/\/www.aviyatech.com\/fr\/jeunes-diplomes-travail-etudes-et-stages\/\",\"name\":\"Jeunes dipl\u00f4m\u00e9s, travail-\u00e9tudes et stages - Aviya\",\"isPartOf\":{\"@id\":\"https:\/\/www.aviyatech.com\/fr\/#website\"},\"datePublished\":\"2014-09-16T00:55:21+00:00\",\"dateModified\":\"2024-05-07T15:13:14+00:00\",\"breadcrumb\":{\"@id\":\"https:\/\/www.aviyatech.com\/fr\/jeunes-diplomes-travail-etudes-et-stages\/#breadcrumb\"},\"inLanguage\":\"fr-FR\",\"potentialAction\":[{\"@type\":\"ReadAction\",\"target\":[\"https:\/\/www.aviyatech.com\/fr\/jeunes-diplomes-travail-etudes-et-stages\/\"]}]},{\"@type\":\"BreadcrumbList\",\"@id\":\"https:\/\/www.aviyatech.com\/fr\/jeunes-diplomes-travail-etudes-et-stages\/#breadcrumb\",\"itemListElement\":[{\"@type\":\"ListItem\",\"position\":1,\"name\":\"Home\",\"item\":\"https:\/\/www.aviyatech.com\/fr\/accueil\/\"},{\"@type\":\"ListItem\",\"position\":2,\"name\":\"Jeunes dipl\u00f4m\u00e9s, travail-\u00e9tudes et stages\"}]},{\"@type\":\"WebSite\",\"@id\":\"https:\/\/www.aviyatech.com\/fr\/#website\",\"url\":\"https:\/\/www.aviyatech.com\/fr\/\",\"name\":\"Aviya\",\"description\":\"\",\"publisher\":{\"@id\":\"https:\/\/www.aviyatech.com\/fr\/#organization\"},\"potentialAction\":[{\"@type\":\"SearchAction\",\"target\":{\"@type\":\"EntryPoint\",\"urlTemplate\":\"https:\/\/www.aviyatech.com\/fr\/?s={search_term_string}\"},\"query-input\":\"required name=search_term_string\"}],\"inLanguage\":\"fr-FR\"},{\"@type\":\"Organization\",\"@id\":\"https:\/\/www.aviyatech.com\/fr\/#organization\",\"name\":\"Aviya Aerospace Systems\",\"url\":\"https:\/\/www.aviyatech.com\/fr\/\",\"logo\":{\"@type\":\"ImageObject\",\"inLanguage\":\"fr-FR\",\"@id\":\"https:\/\/www.aviyatech.com\/fr\/#\/schema\/logo\/image\/\",\"url\":\"http:\/\/www.aviyatech.com\/wp-content\/uploads\/2014\/07\/logo_en.png\",\"contentUrl\":\"http:\/\/www.aviyatech.com\/wp-content\/uploads\/2014\/07\/logo_en.png\",\"width\":90,\"height\":84,\"caption\":\"Aviya Aerospace Systems\"},\"image\":{\"@id\":\"https:\/\/www.aviyatech.com\/fr\/#\/schema\/logo\/image\/\"},\"sameAs\":[\"https:\/\/www.linkedin.com\/company\/1026725\"]}]}<\/script>\n<!-- \/ Yoast SEO plugin. -->","yoast_head_json":{"title":"Jeunes dipl\u00f4m\u00e9s, travail-\u00e9tudes et stages - Aviya","robots":{"index":"index","follow":"follow","max-snippet":"max-snippet:-1","max-image-preview":"max-image-preview:large","max-video-preview":"max-video-preview:-1"},"canonical":"https:\/\/www.aviyatech.com\/fr\/jeunes-diplomes-travail-etudes-et-stages\/","og_locale":"fr_FR","og_type":"article","og_title":"Jeunes dipl\u00f4m\u00e9s, travail-\u00e9tudes et stages - Aviya","og_description":"Jeunes dipl\u00f4m\u00e9s, travail-\u00e9tudes et stages Un stage chez Aviya Aviya valorise \u00e9norm\u00e9ment les programmes de stage, car ils offrent aux \u00e9tudiants l\u2019occasion de faire carri\u00e8re dans le domaine du g\u00e9nie a\u00e9rospatial. Chaque ann\u00e9e, nous employons de nombreux stagiaires \u00e9tudiant dans diverses universit\u00e9s et, gr\u00e2ce \u00e0 nos projets maison, nous leur offrons une exp\u00e9rience d\u2019apprentissage inestimable. [&hellip;]","og_url":"https:\/\/www.aviyatech.com\/fr\/jeunes-diplomes-travail-etudes-et-stages\/","og_site_name":"Aviya","article_modified_time":"2024-05-07T15:13:14+00:00","og_image":[{"url":"https:\/\/www.aviyatech.com\/wp-content\/uploads\/2014\/10\/NewGradsCoopsInternships.jpg"}],"twitter_card":"summary_large_image","twitter_misc":{"Est. reading time":"1 minute"},"schema":{"@context":"https:\/\/schema.org","@graph":[{"@type":"WebPage","@id":"https:\/\/www.aviyatech.com\/fr\/jeunes-diplomes-travail-etudes-et-stages\/","url":"https:\/\/www.aviyatech.com\/fr\/jeunes-diplomes-travail-etudes-et-stages\/","name":"Jeunes dipl\u00f4m\u00e9s, travail-\u00e9tudes et stages - Aviya","isPartOf":{"@id":"https:\/\/www.aviyatech.com\/fr\/#website"},"datePublished":"2014-09-16T00:55:21+00:00","dateModified":"2024-05-07T15:13:14+00:00","breadcrumb":{"@id":"https:\/\/www.aviyatech.com\/fr\/jeunes-diplomes-travail-etudes-et-stages\/#breadcrumb"},"inLanguage":"fr-FR","potentialAction":[{"@type":"ReadAction","target":["https:\/\/www.aviyatech.com\/fr\/jeunes-diplomes-travail-etudes-et-stages\/"]}]},{"@type":"BreadcrumbList","@id":"https:\/\/www.aviyatech.com\/fr\/jeunes-diplomes-travail-etudes-et-stages\/#breadcrumb","itemListElement":[{"@type":"ListItem","position":1,"name":"Home","item":"https:\/\/www.aviyatech.com\/fr\/accueil\/"},{"@type":"ListItem","position":2,"name":"Jeunes dipl\u00f4m\u00e9s, travail-\u00e9tudes et stages"}]},{"@type":"WebSite","@id":"https:\/\/www.aviyatech.com\/fr\/#website","url":"https:\/\/www.aviyatech.com\/fr\/","name":"Aviya","description":"","publisher":{"@id":"https:\/\/www.aviyatech.com\/fr\/#organization"},"potentialAction":[{"@type":"SearchAction","target":{"@type":"EntryPoint","urlTemplate":"https:\/\/www.aviyatech.com\/fr\/?s={search_term_string}"},"query-input":"required name=search_term_string"}],"inLanguage":"fr-FR"},{"@type":"Organization","@id":"https:\/\/www.aviyatech.com\/fr\/#organization","name":"Aviya Aerospace Systems","url":"https:\/\/www.aviyatech.com\/fr\/","logo":{"@type":"ImageObject","inLanguage":"fr-FR","@id":"https:\/\/www.aviyatech.com\/fr\/#\/schema\/logo\/image\/","url":"http:\/\/www.aviyatech.com\/wp-content\/uploads\/2014\/07\/logo_en.png","contentUrl":"http:\/\/www.aviyatech.com\/wp-content\/uploads\/2014\/07\/logo_en.png","width":90,"height":84,"caption":"Aviya Aerospace Systems"},"image":{"@id":"https:\/\/www.aviyatech.com\/fr\/#\/schema\/logo\/image\/"},"sameAs":["https:\/\/www.linkedin.com\/company\/1026725"]}]}},"_links":{"self":[{"href":"https:\/\/www.aviyatech.com\/fr\/wp-json\/wp\/v2\/pages\/207"}],"collection":[{"href":"https:\/\/www.aviyatech.com\/fr\/wp-json\/wp\/v2\/pages"}],"about":[{"href":"https:\/\/www.aviyatech.com\/fr\/wp-json\/wp\/v2\/types\/page"}],"author":[{"embeddable":true,"href":"https:\/\/www.aviyatech.com\/fr\/wp-json\/wp\/v2\/users\/5"}],"replies":[{"embeddable":true,"href":"https:\/\/www.aviyatech.com\/fr\/wp-json\/wp\/v2\/comments?post=207"}],"version-history":[{"count":10,"href":"https:\/\/www.aviyatech.com\/fr\/wp-json\/wp\/v2\/pages\/207\/revisions"}],"predecessor-version":[{"id":2318,"href":"https:\/\/www.aviyatech.com\/fr\/wp-json\/wp\/v2\/pages\/207\/revisions\/2318"}],"wp:attachment":[{"href":"https:\/\/www.aviyatech.com\/fr\/wp-json\/wp\/v2\/media?parent=207"}],"curies":[{"name":"wp","href":"https:\/\/api.w.org\/{rel}","templated":true}]}}