{"id":205,"date":"2014-09-15T20:54:59","date_gmt":"2014-09-16T00:54:59","guid":{"rendered":"https:\/\/www.aviyatech.com\/?page_id=205"},"modified":"2024-05-08T02:41:39","modified_gmt":"2024-05-08T06:41:39","slug":"pourquoi-aviya","status":"publish","type":"page","link":"https:\/\/www.aviyatech.com\/fr\/pourquoi-aviya\/","title":{"rendered":"Pourquoi Aviya?"},"content":{"rendered":"<h1>Pourquoi Aviya?<\/h1>\n<p>Les entreprises a\u00e9rospatiales se font concurrence pour recruter les meilleurs et les plus brillants parmi les jeunes ing\u00e9nieurs. Qu\u2019est-ce qui distingue Aviya des autres employeurs? Nous sommes une petite entreprise dynamique avec une structure organisationnelle horizontale o\u00f9 chaque employ\u00e9 compte, de m\u00eame que sa contribution.<\/p>\n<p><img loading=\"lazy\" decoding=\"async\" width=\"1260\" height=\"706\" class=\"alignnone wp-image-485 size-full\" src=\"https:\/\/www.aviyatech.com\/wp-content\/uploads\/2014\/09\/WhyAviya.jpg\" alt=\"Une r\u00e9union chez Aviya.\" style=\"width:100%;\" srcset=\"https:\/\/www.aviyatech.com\/wp-content\/uploads\/2014\/09\/WhyAviya.jpg 1260w, https:\/\/www.aviyatech.com\/wp-content\/uploads\/2014\/09\/WhyAviya-300x168.jpg 300w, https:\/\/www.aviyatech.com\/wp-content\/uploads\/2014\/09\/WhyAviya-1024x574.jpg 1024w\" sizes=\"(max-width: 1260px) 100vw, 1260px\" \/><\/p>\n<p>Vous serez embauch\u00e9 car vos comp\u00e9tences et votre intelligence font partie int\u00e9grante de nos capacit\u00e9s internes. Vous vous joindrez \u00e0 une entreprise ax\u00e9e sur la collaboration et le travail d\u2019\u00e9quipe, et r\u00e9solue \u00e0 trouver des solutions aux d\u00e9fis qui se posent \u00e0 ses clients. Vous travaillerez avec des technologies de pointe et vous ferez vos premi\u00e8res armes aux c\u00f4t\u00e9s de sp\u00e9cialistes chevronn\u00e9s de l\u2019industrie. <em>\u00a0<\/em><\/p>\n<p>Aviya s\u2019engage \u00e0 vous offrir un environnement dans lequel vous pourrez vraiment atteindre l\u2019excellence. Si vous visez l\u2019excellence, appelez-nous.<\/p>\n<div style=\"max-width:600px;max-height:360px;\"><div class=\"video-shortcode\"><iframe loading=\"lazy\" title=\"YouTube video player\" width=\"600\" height=\"360\" src=\"http:\/\/www.youtube.com\/embed\/CTgbyP1Jk1M?wmode=transparent\" frameborder=\"0\" allowfullscreen><\/iframe><\/div><\/div>\n","protected":false},"excerpt":{"rendered":"<p>Pourquoi Aviya? Les entreprises a\u00e9rospatiales se font concurrence pour recruter les meilleurs et les plus brillants parmi les jeunes ing\u00e9nieurs. Qu\u2019est-ce qui distingue Aviya des autres employeurs? Nous sommes une petite entreprise dynamique avec une structure organisationnelle horizontale o\u00f9 chaque employ\u00e9 compte, de m\u00eame que sa contribution. Vous serez embauch\u00e9 car vos comp\u00e9tences et votre [&hellip;]<\/p>\n","protected":false},"author":5,"featured_media":0,"parent":0,"menu_order":1,"comment_status":"closed","ping_status":"open","template":"","meta":{"footnotes":""},"acf":[],"yoast_head":"<!-- This site is optimized with the Yoast SEO plugin v21.7 - https:\/\/yoast.com\/wordpress\/plugins\/seo\/ -->\n<title>Pourquoi Aviya? - Aviya<\/title>\n<meta name=\"robots\" content=\"index, follow, max-snippet:-1, max-image-preview:large, max-video-preview:-1\" \/>\n<link rel=\"canonical\" href=\"https:\/\/www.aviyatech.com\/fr\/pourquoi-aviya\/\" \/>\n<meta property=\"og:locale\" content=\"fr_FR\" \/>\n<meta property=\"og:type\" content=\"article\" \/>\n<meta property=\"og:title\" content=\"Pourquoi Aviya? - Aviya\" \/>\n<meta property=\"og:description\" content=\"Pourquoi Aviya? Les entreprises a\u00e9rospatiales se font concurrence pour recruter les meilleurs et les plus brillants parmi les jeunes ing\u00e9nieurs. Qu\u2019est-ce qui distingue Aviya des autres employeurs? Nous sommes une petite entreprise dynamique avec une structure organisationnelle horizontale o\u00f9 chaque employ\u00e9 compte, de m\u00eame que sa contribution. Vous serez embauch\u00e9 car vos comp\u00e9tences et votre [&hellip;]\" \/>\n<meta property=\"og:url\" content=\"https:\/\/www.aviyatech.com\/fr\/pourquoi-aviya\/\" \/>\n<meta property=\"og:site_name\" content=\"Aviya\" \/>\n<meta property=\"article:modified_time\" content=\"2024-05-08T06:41:39+00:00\" \/>\n<meta property=\"og:image\" content=\"https:\/\/www.aviyatech.com\/wp-content\/uploads\/2014\/09\/WhyAviya.jpg\" \/>\n<meta name=\"twitter:card\" content=\"summary_large_image\" \/>\n<meta name=\"twitter:label1\" content=\"Est. reading time\" \/>\n\t<meta name=\"twitter:data1\" content=\"1 minute\" \/>\n<script type=\"application\/ld+json\" class=\"yoast-schema-graph\">{\"@context\":\"https:\/\/schema.org\",\"@graph\":[{\"@type\":\"WebPage\",\"@id\":\"https:\/\/www.aviyatech.com\/fr\/pourquoi-aviya\/\",\"url\":\"https:\/\/www.aviyatech.com\/fr\/pourquoi-aviya\/\",\"name\":\"Pourquoi Aviya? - Aviya\",\"isPartOf\":{\"@id\":\"https:\/\/www.aviyatech.com\/fr\/#website\"},\"datePublished\":\"2014-09-16T00:54:59+00:00\",\"dateModified\":\"2024-05-08T06:41:39+00:00\",\"breadcrumb\":{\"@id\":\"https:\/\/www.aviyatech.com\/fr\/pourquoi-aviya\/#breadcrumb\"},\"inLanguage\":\"fr-FR\",\"potentialAction\":[{\"@type\":\"ReadAction\",\"target\":[\"https:\/\/www.aviyatech.com\/fr\/pourquoi-aviya\/\"]}]},{\"@type\":\"BreadcrumbList\",\"@id\":\"https:\/\/www.aviyatech.com\/fr\/pourquoi-aviya\/#breadcrumb\",\"itemListElement\":[{\"@type\":\"ListItem\",\"position\":1,\"name\":\"Home\",\"item\":\"https:\/\/www.aviyatech.com\/fr\/accueil\/\"},{\"@type\":\"ListItem\",\"position\":2,\"name\":\"Pourquoi Aviya?\"}]},{\"@type\":\"WebSite\",\"@id\":\"https:\/\/www.aviyatech.com\/fr\/#website\",\"url\":\"https:\/\/www.aviyatech.com\/fr\/\",\"name\":\"Aviya\",\"description\":\"\",\"publisher\":{\"@id\":\"https:\/\/www.aviyatech.com\/fr\/#organization\"},\"potentialAction\":[{\"@type\":\"SearchAction\",\"target\":{\"@type\":\"EntryPoint\",\"urlTemplate\":\"https:\/\/www.aviyatech.com\/fr\/?s={search_term_string}\"},\"query-input\":\"required name=search_term_string\"}],\"inLanguage\":\"fr-FR\"},{\"@type\":\"Organization\",\"@id\":\"https:\/\/www.aviyatech.com\/fr\/#organization\",\"name\":\"Aviya Aerospace Systems\",\"url\":\"https:\/\/www.aviyatech.com\/fr\/\",\"logo\":{\"@type\":\"ImageObject\",\"inLanguage\":\"fr-FR\",\"@id\":\"https:\/\/www.aviyatech.com\/fr\/#\/schema\/logo\/image\/\",\"url\":\"http:\/\/www.aviyatech.com\/wp-content\/uploads\/2014\/07\/logo_en.png\",\"contentUrl\":\"http:\/\/www.aviyatech.com\/wp-content\/uploads\/2014\/07\/logo_en.png\",\"width\":90,\"height\":84,\"caption\":\"Aviya Aerospace Systems\"},\"image\":{\"@id\":\"https:\/\/www.aviyatech.com\/fr\/#\/schema\/logo\/image\/\"},\"sameAs\":[\"https:\/\/www.linkedin.com\/company\/1026725\"]}]}<\/script>\n<!-- \/ Yoast SEO plugin. -->","yoast_head_json":{"title":"Pourquoi Aviya? - Aviya","robots":{"index":"index","follow":"follow","max-snippet":"max-snippet:-1","max-image-preview":"max-image-preview:large","max-video-preview":"max-video-preview:-1"},"canonical":"https:\/\/www.aviyatech.com\/fr\/pourquoi-aviya\/","og_locale":"fr_FR","og_type":"article","og_title":"Pourquoi Aviya? - Aviya","og_description":"Pourquoi Aviya? Les entreprises a\u00e9rospatiales se font concurrence pour recruter les meilleurs et les plus brillants parmi les jeunes ing\u00e9nieurs. Qu\u2019est-ce qui distingue Aviya des autres employeurs? Nous sommes une petite entreprise dynamique avec une structure organisationnelle horizontale o\u00f9 chaque employ\u00e9 compte, de m\u00eame que sa contribution. Vous serez embauch\u00e9 car vos comp\u00e9tences et votre [&hellip;]","og_url":"https:\/\/www.aviyatech.com\/fr\/pourquoi-aviya\/","og_site_name":"Aviya","article_modified_time":"2024-05-08T06:41:39+00:00","og_image":[{"url":"https:\/\/www.aviyatech.com\/wp-content\/uploads\/2014\/09\/WhyAviya.jpg"}],"twitter_card":"summary_large_image","twitter_misc":{"Est. reading time":"1 minute"},"schema":{"@context":"https:\/\/schema.org","@graph":[{"@type":"WebPage","@id":"https:\/\/www.aviyatech.com\/fr\/pourquoi-aviya\/","url":"https:\/\/www.aviyatech.com\/fr\/pourquoi-aviya\/","name":"Pourquoi Aviya? - Aviya","isPartOf":{"@id":"https:\/\/www.aviyatech.com\/fr\/#website"},"datePublished":"2014-09-16T00:54:59+00:00","dateModified":"2024-05-08T06:41:39+00:00","breadcrumb":{"@id":"https:\/\/www.aviyatech.com\/fr\/pourquoi-aviya\/#breadcrumb"},"inLanguage":"fr-FR","potentialAction":[{"@type":"ReadAction","target":["https:\/\/www.aviyatech.com\/fr\/pourquoi-aviya\/"]}]},{"@type":"BreadcrumbList","@id":"https:\/\/www.aviyatech.com\/fr\/pourquoi-aviya\/#breadcrumb","itemListElement":[{"@type":"ListItem","position":1,"name":"Home","item":"https:\/\/www.aviyatech.com\/fr\/accueil\/"},{"@type":"ListItem","position":2,"name":"Pourquoi Aviya?"}]},{"@type":"WebSite","@id":"https:\/\/www.aviyatech.com\/fr\/#website","url":"https:\/\/www.aviyatech.com\/fr\/","name":"Aviya","description":"","publisher":{"@id":"https:\/\/www.aviyatech.com\/fr\/#organization"},"potentialAction":[{"@type":"SearchAction","target":{"@type":"EntryPoint","urlTemplate":"https:\/\/www.aviyatech.com\/fr\/?s={search_term_string}"},"query-input":"required name=search_term_string"}],"inLanguage":"fr-FR"},{"@type":"Organization","@id":"https:\/\/www.aviyatech.com\/fr\/#organization","name":"Aviya Aerospace Systems","url":"https:\/\/www.aviyatech.com\/fr\/","logo":{"@type":"ImageObject","inLanguage":"fr-FR","@id":"https:\/\/www.aviyatech.com\/fr\/#\/schema\/logo\/image\/","url":"http:\/\/www.aviyatech.com\/wp-content\/uploads\/2014\/07\/logo_en.png","contentUrl":"http:\/\/www.aviyatech.com\/wp-content\/uploads\/2014\/07\/logo_en.png","width":90,"height":84,"caption":"Aviya Aerospace Systems"},"image":{"@id":"https:\/\/www.aviyatech.com\/fr\/#\/schema\/logo\/image\/"},"sameAs":["https:\/\/www.linkedin.com\/company\/1026725"]}]}},"_links":{"self":[{"href":"https:\/\/www.aviyatech.com\/fr\/wp-json\/wp\/v2\/pages\/205"}],"collection":[{"href":"https:\/\/www.aviyatech.com\/fr\/wp-json\/wp\/v2\/pages"}],"about":[{"href":"https:\/\/www.aviyatech.com\/fr\/wp-json\/wp\/v2\/types\/page"}],"author":[{"embeddable":true,"href":"https:\/\/www.aviyatech.com\/fr\/wp-json\/wp\/v2\/users\/5"}],"replies":[{"embeddable":true,"href":"https:\/\/www.aviyatech.com\/fr\/wp-json\/wp\/v2\/comments?post=205"}],"version-history":[{"count":7,"href":"https:\/\/www.aviyatech.com\/fr\/wp-json\/wp\/v2\/pages\/205\/revisions"}],"predecessor-version":[{"id":2330,"href":"https:\/\/www.aviyatech.com\/fr\/wp-json\/wp\/v2\/pages\/205\/revisions\/2330"}],"wp:attachment":[{"href":"https:\/\/www.aviyatech.com\/fr\/wp-json\/wp\/v2\/media?parent=205"}],"curies":[{"name":"wp","href":"https:\/\/api.w.org\/{rel}","templated":true}]}}