{"id":203,"date":"2014-10-16T20:34:11","date_gmt":"2014-10-16T20:34:11","guid":{"rendered":"https:\/\/www.aviyatech.com\/?page_id=203"},"modified":"2015-02-17T19:27:47","modified_gmt":"2015-02-17T19:27:47","slug":"certification","status":"publish","type":"page","link":"https:\/\/www.aviyatech.com\/fr\/certification\/","title":{"rendered":"Certification"},"content":{"rendered":"<h1>Certification<\/h1>\n<p>Aviya r\u00e9pond facilement et efficacement \u00e0 tous vos besoins en mati\u00e8re de certification, c\u2019est votre guichet unique dans ce domaine. Le personnel d\u2019experts en certification d\u2019Aviya et nos liens avec les meilleurs repr\u00e9sentants techniques d\u00e9sign\u00e9s de l\u2019industrie guideront et aideront votre entreprise \u00e0 cr\u00e9er et \u00e0 mettre au point vos processus et m\u00e9thodes internes afin qu\u2019ils soient conformes aux normes DO-254, DO-160 et DO-178C.<\/p>\n<p>Nos processus et nos outils exclusifs et \u00e9prouv\u00e9s de validation et de v\u00e9rification offrent un ensemble complet d\u2019\u00e9l\u00e9ments de base qui garantissent des essais bas\u00e9s sur les exigences d\u00e9taill\u00e9es et compl\u00e8tes dans le but d\u2019obtenir une certification. L\u2019environnement d\u2019essai exclusif de notre Syst\u00e8me de simulation en circuit ferm\u00e9 \u2013 combin\u00e9 \u00e0 un moteur de scripts de pointe, \u00e0 l\u2019ex\u00e9cution automatique et \u00e0 une capacit\u00e9 de mod\u00e9lisation haute-fid\u00e9lit\u00e9 \u2013 permet une mise \u00e0 l\u2019essai compl\u00e8te de composants de mat\u00e9riel \u00e9lectronique complexe, des matrices pr\u00e9diffus\u00e9es programmables par l\u2019utilisateur aux contr\u00f4leurs, en passant par les cartes de circuit imprim\u00e9.<\/p>\n<p>Vous en \u00eates \u00e0 votre premi\u00e8re exp\u00e9rience avec les normes DO-254, DO-160 ou DO-178C et cherchez un soutien complet pour l\u2019obtention d\u2019une certification? Votre entreprise est arriv\u00e9e \u00e0 maturit\u00e9 et vous \u00eates \u00e0 la recherche d\u2019options d\u2019impartition? Aviya saura r\u00e9pondre \u00e0 vos besoins.<\/p>\n","protected":false},"excerpt":{"rendered":"<p>Certification Aviya r\u00e9pond facilement et efficacement \u00e0 tous vos besoins en mati\u00e8re de certification, c\u2019est votre guichet unique dans ce domaine. Le personnel d\u2019experts en certification d\u2019Aviya et nos liens avec les meilleurs repr\u00e9sentants techniques d\u00e9sign\u00e9s de l\u2019industrie guideront et aideront votre entreprise \u00e0 cr\u00e9er et \u00e0 mettre au point vos processus et m\u00e9thodes internes [&hellip;]<\/p>\n","protected":false},"author":5,"featured_media":0,"parent":0,"menu_order":5,"comment_status":"closed","ping_status":"open","template":"","meta":{"footnotes":""},"acf":[],"yoast_head":"<!-- This site is optimized with the Yoast SEO plugin v21.7 - https:\/\/yoast.com\/wordpress\/plugins\/seo\/ -->\n<title>Certification - Aviya<\/title>\n<meta name=\"robots\" content=\"index, follow, max-snippet:-1, max-image-preview:large, max-video-preview:-1\" \/>\n<link rel=\"canonical\" href=\"https:\/\/www.aviyatech.com\/fr\/certification\/\" \/>\n<meta property=\"og:locale\" content=\"fr_FR\" \/>\n<meta property=\"og:type\" content=\"article\" \/>\n<meta property=\"og:title\" content=\"Certification - Aviya\" \/>\n<meta property=\"og:description\" content=\"Certification Aviya r\u00e9pond facilement et efficacement \u00e0 tous vos besoins en mati\u00e8re de certification, c\u2019est votre guichet unique dans ce domaine. Le personnel d\u2019experts en certification d\u2019Aviya et nos liens avec les meilleurs repr\u00e9sentants techniques d\u00e9sign\u00e9s de l\u2019industrie guideront et aideront votre entreprise \u00e0 cr\u00e9er et \u00e0 mettre au point vos processus et m\u00e9thodes internes [&hellip;]\" \/>\n<meta property=\"og:url\" content=\"https:\/\/www.aviyatech.com\/fr\/certification\/\" \/>\n<meta property=\"og:site_name\" content=\"Aviya\" \/>\n<meta property=\"article:modified_time\" content=\"2015-02-17T19:27:47+00:00\" \/>\n<meta name=\"twitter:card\" content=\"summary_large_image\" \/>\n<meta name=\"twitter:label1\" content=\"Est. reading time\" \/>\n\t<meta name=\"twitter:data1\" content=\"1 minute\" \/>\n<script type=\"application\/ld+json\" class=\"yoast-schema-graph\">{\"@context\":\"https:\/\/schema.org\",\"@graph\":[{\"@type\":\"WebPage\",\"@id\":\"https:\/\/www.aviyatech.com\/fr\/certification\/\",\"url\":\"https:\/\/www.aviyatech.com\/fr\/certification\/\",\"name\":\"Certification - Aviya\",\"isPartOf\":{\"@id\":\"https:\/\/www.aviyatech.com\/fr\/#website\"},\"datePublished\":\"2014-10-16T20:34:11+00:00\",\"dateModified\":\"2015-02-17T19:27:47+00:00\",\"breadcrumb\":{\"@id\":\"https:\/\/www.aviyatech.com\/fr\/certification\/#breadcrumb\"},\"inLanguage\":\"fr-FR\",\"potentialAction\":[{\"@type\":\"ReadAction\",\"target\":[\"https:\/\/www.aviyatech.com\/fr\/certification\/\"]}]},{\"@type\":\"BreadcrumbList\",\"@id\":\"https:\/\/www.aviyatech.com\/fr\/certification\/#breadcrumb\",\"itemListElement\":[{\"@type\":\"ListItem\",\"position\":1,\"name\":\"Home\",\"item\":\"https:\/\/www.aviyatech.com\/fr\/accueil\/\"},{\"@type\":\"ListItem\",\"position\":2,\"name\":\"Certification\"}]},{\"@type\":\"WebSite\",\"@id\":\"https:\/\/www.aviyatech.com\/fr\/#website\",\"url\":\"https:\/\/www.aviyatech.com\/fr\/\",\"name\":\"Aviya\",\"description\":\"\",\"publisher\":{\"@id\":\"https:\/\/www.aviyatech.com\/fr\/#organization\"},\"potentialAction\":[{\"@type\":\"SearchAction\",\"target\":{\"@type\":\"EntryPoint\",\"urlTemplate\":\"https:\/\/www.aviyatech.com\/fr\/?s={search_term_string}\"},\"query-input\":\"required name=search_term_string\"}],\"inLanguage\":\"fr-FR\"},{\"@type\":\"Organization\",\"@id\":\"https:\/\/www.aviyatech.com\/fr\/#organization\",\"name\":\"Aviya Aerospace Systems\",\"url\":\"https:\/\/www.aviyatech.com\/fr\/\",\"logo\":{\"@type\":\"ImageObject\",\"inLanguage\":\"fr-FR\",\"@id\":\"https:\/\/www.aviyatech.com\/fr\/#\/schema\/logo\/image\/\",\"url\":\"http:\/\/www.aviyatech.com\/wp-content\/uploads\/2014\/07\/logo_en.png\",\"contentUrl\":\"http:\/\/www.aviyatech.com\/wp-content\/uploads\/2014\/07\/logo_en.png\",\"width\":90,\"height\":84,\"caption\":\"Aviya Aerospace Systems\"},\"image\":{\"@id\":\"https:\/\/www.aviyatech.com\/fr\/#\/schema\/logo\/image\/\"},\"sameAs\":[\"https:\/\/www.linkedin.com\/company\/1026725\"]}]}<\/script>\n<!-- \/ Yoast SEO plugin. -->","yoast_head_json":{"title":"Certification - Aviya","robots":{"index":"index","follow":"follow","max-snippet":"max-snippet:-1","max-image-preview":"max-image-preview:large","max-video-preview":"max-video-preview:-1"},"canonical":"https:\/\/www.aviyatech.com\/fr\/certification\/","og_locale":"fr_FR","og_type":"article","og_title":"Certification - Aviya","og_description":"Certification Aviya r\u00e9pond facilement et efficacement \u00e0 tous vos besoins en mati\u00e8re de certification, c\u2019est votre guichet unique dans ce domaine. Le personnel d\u2019experts en certification d\u2019Aviya et nos liens avec les meilleurs repr\u00e9sentants techniques d\u00e9sign\u00e9s de l\u2019industrie guideront et aideront votre entreprise \u00e0 cr\u00e9er et \u00e0 mettre au point vos processus et m\u00e9thodes internes [&hellip;]","og_url":"https:\/\/www.aviyatech.com\/fr\/certification\/","og_site_name":"Aviya","article_modified_time":"2015-02-17T19:27:47+00:00","twitter_card":"summary_large_image","twitter_misc":{"Est. reading time":"1 minute"},"schema":{"@context":"https:\/\/schema.org","@graph":[{"@type":"WebPage","@id":"https:\/\/www.aviyatech.com\/fr\/certification\/","url":"https:\/\/www.aviyatech.com\/fr\/certification\/","name":"Certification - Aviya","isPartOf":{"@id":"https:\/\/www.aviyatech.com\/fr\/#website"},"datePublished":"2014-10-16T20:34:11+00:00","dateModified":"2015-02-17T19:27:47+00:00","breadcrumb":{"@id":"https:\/\/www.aviyatech.com\/fr\/certification\/#breadcrumb"},"inLanguage":"fr-FR","potentialAction":[{"@type":"ReadAction","target":["https:\/\/www.aviyatech.com\/fr\/certification\/"]}]},{"@type":"BreadcrumbList","@id":"https:\/\/www.aviyatech.com\/fr\/certification\/#breadcrumb","itemListElement":[{"@type":"ListItem","position":1,"name":"Home","item":"https:\/\/www.aviyatech.com\/fr\/accueil\/"},{"@type":"ListItem","position":2,"name":"Certification"}]},{"@type":"WebSite","@id":"https:\/\/www.aviyatech.com\/fr\/#website","url":"https:\/\/www.aviyatech.com\/fr\/","name":"Aviya","description":"","publisher":{"@id":"https:\/\/www.aviyatech.com\/fr\/#organization"},"potentialAction":[{"@type":"SearchAction","target":{"@type":"EntryPoint","urlTemplate":"https:\/\/www.aviyatech.com\/fr\/?s={search_term_string}"},"query-input":"required name=search_term_string"}],"inLanguage":"fr-FR"},{"@type":"Organization","@id":"https:\/\/www.aviyatech.com\/fr\/#organization","name":"Aviya Aerospace Systems","url":"https:\/\/www.aviyatech.com\/fr\/","logo":{"@type":"ImageObject","inLanguage":"fr-FR","@id":"https:\/\/www.aviyatech.com\/fr\/#\/schema\/logo\/image\/","url":"http:\/\/www.aviyatech.com\/wp-content\/uploads\/2014\/07\/logo_en.png","contentUrl":"http:\/\/www.aviyatech.com\/wp-content\/uploads\/2014\/07\/logo_en.png","width":90,"height":84,"caption":"Aviya Aerospace Systems"},"image":{"@id":"https:\/\/www.aviyatech.com\/fr\/#\/schema\/logo\/image\/"},"sameAs":["https:\/\/www.linkedin.com\/company\/1026725"]}]}},"_links":{"self":[{"href":"https:\/\/www.aviyatech.com\/fr\/wp-json\/wp\/v2\/pages\/203"}],"collection":[{"href":"https:\/\/www.aviyatech.com\/fr\/wp-json\/wp\/v2\/pages"}],"about":[{"href":"https:\/\/www.aviyatech.com\/fr\/wp-json\/wp\/v2\/types\/page"}],"author":[{"embeddable":true,"href":"https:\/\/www.aviyatech.com\/fr\/wp-json\/wp\/v2\/users\/5"}],"replies":[{"embeddable":true,"href":"https:\/\/www.aviyatech.com\/fr\/wp-json\/wp\/v2\/comments?post=203"}],"version-history":[{"count":4,"href":"https:\/\/www.aviyatech.com\/fr\/wp-json\/wp\/v2\/pages\/203\/revisions"}],"predecessor-version":[{"id":451,"href":"https:\/\/www.aviyatech.com\/fr\/wp-json\/wp\/v2\/pages\/203\/revisions\/451"}],"wp:attachment":[{"href":"https:\/\/www.aviyatech.com\/fr\/wp-json\/wp\/v2\/media?parent=203"}],"curies":[{"name":"wp","href":"https:\/\/api.w.org\/{rel}","templated":true}]}}