{"id":201,"date":"2014-10-16T20:33:31","date_gmt":"2014-10-16T20:33:31","guid":{"rendered":"https:\/\/www.aviyatech.com\/?page_id=201"},"modified":"2015-02-17T19:27:27","modified_gmt":"2015-02-17T19:27:27","slug":"gestion-de-programme","status":"publish","type":"page","link":"https:\/\/www.aviyatech.com\/fr\/gestion-de-programme\/","title":{"rendered":"Gestion de programme"},"content":{"rendered":"<h1>Gestion de programme<\/h1>\n<p>Le processus de gestion de programme d\u2019Aviya procure une visibilit\u00e9 et une surveillance en temps opportun de tous les projets qui portent notre nom. Notre processus de gestion bien d\u00e9fini nous permet de fournir des donn\u00e9es en temps r\u00e9el sur l\u2019\u00e9tat d\u2019avancement du projet, dans un format simple mais pr\u00e9cis. En temps opportun, nos clients re\u00e7oivent des mises \u00e0 jour de mani\u00e8re transparente, pr\u00e9cise et sans effort.<\/p>\n<p>Nous respectons nos engagements quant au d\u00e9lai et au budget, et notre politique de prix fermes et fixes vous assure que le prix de la soumission est le seul prix que vous aurez \u00e0 payer. Travailler avec Aviya signifie que vous aurez la tranquillit\u00e9 d\u2019esprit queprocure le fait de savoir que votre fournisseur respecte ses engagements. Si vous cherchez du soutien dans le cadre de vos projets maison afin de les garder ou de les ramener sur la bonne voie en respectant le calendrier et le budget, ne cherchez pas plus loin, car Aviya vous apporte la solution.<\/p>\n<p>&nbsp;<\/p>\n","protected":false},"excerpt":{"rendered":"<p>Gestion de programme Le processus de gestion de programme d\u2019Aviya procure une visibilit\u00e9 et une surveillance en temps opportun de tous les projets qui portent notre nom. Notre processus de gestion bien d\u00e9fini nous permet de fournir des donn\u00e9es en temps r\u00e9el sur l\u2019\u00e9tat d\u2019avancement du projet, dans un format simple mais pr\u00e9cis. En temps [&hellip;]<\/p>\n","protected":false},"author":5,"featured_media":0,"parent":0,"menu_order":4,"comment_status":"closed","ping_status":"open","template":"","meta":{"footnotes":""},"acf":[],"yoast_head":"<!-- This site is optimized with the Yoast SEO plugin v21.7 - https:\/\/yoast.com\/wordpress\/plugins\/seo\/ -->\n<title>Gestion de programme - Aviya<\/title>\n<meta name=\"robots\" content=\"index, follow, max-snippet:-1, max-image-preview:large, max-video-preview:-1\" \/>\n<link rel=\"canonical\" href=\"https:\/\/www.aviyatech.com\/fr\/gestion-de-programme\/\" \/>\n<meta property=\"og:locale\" content=\"fr_FR\" \/>\n<meta property=\"og:type\" content=\"article\" \/>\n<meta property=\"og:title\" content=\"Gestion de programme - Aviya\" \/>\n<meta property=\"og:description\" content=\"Gestion de programme Le processus de gestion de programme d\u2019Aviya procure une visibilit\u00e9 et une surveillance en temps opportun de tous les projets qui portent notre nom. Notre processus de gestion bien d\u00e9fini nous permet de fournir des donn\u00e9es en temps r\u00e9el sur l\u2019\u00e9tat d\u2019avancement du projet, dans un format simple mais pr\u00e9cis. En temps [&hellip;]\" \/>\n<meta property=\"og:url\" content=\"https:\/\/www.aviyatech.com\/fr\/gestion-de-programme\/\" \/>\n<meta property=\"og:site_name\" content=\"Aviya\" \/>\n<meta property=\"article:modified_time\" content=\"2015-02-17T19:27:27+00:00\" \/>\n<meta name=\"twitter:card\" content=\"summary_large_image\" \/>\n<meta name=\"twitter:label1\" content=\"Est. reading time\" \/>\n\t<meta name=\"twitter:data1\" content=\"1 minute\" \/>\n<script type=\"application\/ld+json\" class=\"yoast-schema-graph\">{\"@context\":\"https:\/\/schema.org\",\"@graph\":[{\"@type\":\"WebPage\",\"@id\":\"https:\/\/www.aviyatech.com\/fr\/gestion-de-programme\/\",\"url\":\"https:\/\/www.aviyatech.com\/fr\/gestion-de-programme\/\",\"name\":\"Gestion de programme - Aviya\",\"isPartOf\":{\"@id\":\"https:\/\/www.aviyatech.com\/fr\/#website\"},\"datePublished\":\"2014-10-16T20:33:31+00:00\",\"dateModified\":\"2015-02-17T19:27:27+00:00\",\"breadcrumb\":{\"@id\":\"https:\/\/www.aviyatech.com\/fr\/gestion-de-programme\/#breadcrumb\"},\"inLanguage\":\"fr-FR\",\"potentialAction\":[{\"@type\":\"ReadAction\",\"target\":[\"https:\/\/www.aviyatech.com\/fr\/gestion-de-programme\/\"]}]},{\"@type\":\"BreadcrumbList\",\"@id\":\"https:\/\/www.aviyatech.com\/fr\/gestion-de-programme\/#breadcrumb\",\"itemListElement\":[{\"@type\":\"ListItem\",\"position\":1,\"name\":\"Home\",\"item\":\"https:\/\/www.aviyatech.com\/fr\/accueil\/\"},{\"@type\":\"ListItem\",\"position\":2,\"name\":\"Gestion de programme\"}]},{\"@type\":\"WebSite\",\"@id\":\"https:\/\/www.aviyatech.com\/fr\/#website\",\"url\":\"https:\/\/www.aviyatech.com\/fr\/\",\"name\":\"Aviya\",\"description\":\"\",\"publisher\":{\"@id\":\"https:\/\/www.aviyatech.com\/fr\/#organization\"},\"potentialAction\":[{\"@type\":\"SearchAction\",\"target\":{\"@type\":\"EntryPoint\",\"urlTemplate\":\"https:\/\/www.aviyatech.com\/fr\/?s={search_term_string}\"},\"query-input\":\"required name=search_term_string\"}],\"inLanguage\":\"fr-FR\"},{\"@type\":\"Organization\",\"@id\":\"https:\/\/www.aviyatech.com\/fr\/#organization\",\"name\":\"Aviya Aerospace Systems\",\"url\":\"https:\/\/www.aviyatech.com\/fr\/\",\"logo\":{\"@type\":\"ImageObject\",\"inLanguage\":\"fr-FR\",\"@id\":\"https:\/\/www.aviyatech.com\/fr\/#\/schema\/logo\/image\/\",\"url\":\"http:\/\/www.aviyatech.com\/wp-content\/uploads\/2014\/07\/logo_en.png\",\"contentUrl\":\"http:\/\/www.aviyatech.com\/wp-content\/uploads\/2014\/07\/logo_en.png\",\"width\":90,\"height\":84,\"caption\":\"Aviya Aerospace Systems\"},\"image\":{\"@id\":\"https:\/\/www.aviyatech.com\/fr\/#\/schema\/logo\/image\/\"},\"sameAs\":[\"https:\/\/www.linkedin.com\/company\/1026725\"]}]}<\/script>\n<!-- \/ Yoast SEO plugin. -->","yoast_head_json":{"title":"Gestion de programme - Aviya","robots":{"index":"index","follow":"follow","max-snippet":"max-snippet:-1","max-image-preview":"max-image-preview:large","max-video-preview":"max-video-preview:-1"},"canonical":"https:\/\/www.aviyatech.com\/fr\/gestion-de-programme\/","og_locale":"fr_FR","og_type":"article","og_title":"Gestion de programme - Aviya","og_description":"Gestion de programme Le processus de gestion de programme d\u2019Aviya procure une visibilit\u00e9 et une surveillance en temps opportun de tous les projets qui portent notre nom. Notre processus de gestion bien d\u00e9fini nous permet de fournir des donn\u00e9es en temps r\u00e9el sur l\u2019\u00e9tat d\u2019avancement du projet, dans un format simple mais pr\u00e9cis. En temps [&hellip;]","og_url":"https:\/\/www.aviyatech.com\/fr\/gestion-de-programme\/","og_site_name":"Aviya","article_modified_time":"2015-02-17T19:27:27+00:00","twitter_card":"summary_large_image","twitter_misc":{"Est. reading time":"1 minute"},"schema":{"@context":"https:\/\/schema.org","@graph":[{"@type":"WebPage","@id":"https:\/\/www.aviyatech.com\/fr\/gestion-de-programme\/","url":"https:\/\/www.aviyatech.com\/fr\/gestion-de-programme\/","name":"Gestion de programme - Aviya","isPartOf":{"@id":"https:\/\/www.aviyatech.com\/fr\/#website"},"datePublished":"2014-10-16T20:33:31+00:00","dateModified":"2015-02-17T19:27:27+00:00","breadcrumb":{"@id":"https:\/\/www.aviyatech.com\/fr\/gestion-de-programme\/#breadcrumb"},"inLanguage":"fr-FR","potentialAction":[{"@type":"ReadAction","target":["https:\/\/www.aviyatech.com\/fr\/gestion-de-programme\/"]}]},{"@type":"BreadcrumbList","@id":"https:\/\/www.aviyatech.com\/fr\/gestion-de-programme\/#breadcrumb","itemListElement":[{"@type":"ListItem","position":1,"name":"Home","item":"https:\/\/www.aviyatech.com\/fr\/accueil\/"},{"@type":"ListItem","position":2,"name":"Gestion de programme"}]},{"@type":"WebSite","@id":"https:\/\/www.aviyatech.com\/fr\/#website","url":"https:\/\/www.aviyatech.com\/fr\/","name":"Aviya","description":"","publisher":{"@id":"https:\/\/www.aviyatech.com\/fr\/#organization"},"potentialAction":[{"@type":"SearchAction","target":{"@type":"EntryPoint","urlTemplate":"https:\/\/www.aviyatech.com\/fr\/?s={search_term_string}"},"query-input":"required name=search_term_string"}],"inLanguage":"fr-FR"},{"@type":"Organization","@id":"https:\/\/www.aviyatech.com\/fr\/#organization","name":"Aviya Aerospace Systems","url":"https:\/\/www.aviyatech.com\/fr\/","logo":{"@type":"ImageObject","inLanguage":"fr-FR","@id":"https:\/\/www.aviyatech.com\/fr\/#\/schema\/logo\/image\/","url":"http:\/\/www.aviyatech.com\/wp-content\/uploads\/2014\/07\/logo_en.png","contentUrl":"http:\/\/www.aviyatech.com\/wp-content\/uploads\/2014\/07\/logo_en.png","width":90,"height":84,"caption":"Aviya Aerospace Systems"},"image":{"@id":"https:\/\/www.aviyatech.com\/fr\/#\/schema\/logo\/image\/"},"sameAs":["https:\/\/www.linkedin.com\/company\/1026725"]}]}},"_links":{"self":[{"href":"https:\/\/www.aviyatech.com\/fr\/wp-json\/wp\/v2\/pages\/201"}],"collection":[{"href":"https:\/\/www.aviyatech.com\/fr\/wp-json\/wp\/v2\/pages"}],"about":[{"href":"https:\/\/www.aviyatech.com\/fr\/wp-json\/wp\/v2\/types\/page"}],"author":[{"embeddable":true,"href":"https:\/\/www.aviyatech.com\/fr\/wp-json\/wp\/v2\/users\/5"}],"replies":[{"embeddable":true,"href":"https:\/\/www.aviyatech.com\/fr\/wp-json\/wp\/v2\/comments?post=201"}],"version-history":[{"count":2,"href":"https:\/\/www.aviyatech.com\/fr\/wp-json\/wp\/v2\/pages\/201\/revisions"}],"predecessor-version":[{"id":449,"href":"https:\/\/www.aviyatech.com\/fr\/wp-json\/wp\/v2\/pages\/201\/revisions\/449"}],"wp:attachment":[{"href":"https:\/\/www.aviyatech.com\/fr\/wp-json\/wp\/v2\/media?parent=201"}],"curies":[{"name":"wp","href":"https:\/\/api.w.org\/{rel}","templated":true}]}}