{"id":192,"date":"2014-09-15T20:49:04","date_gmt":"2014-09-16T00:49:04","guid":{"rendered":"https:\/\/www.aviyatech.com\/?page_id=192"},"modified":"2024-05-07T23:35:05","modified_gmt":"2024-05-08T03:35:05","slug":"notre-expertise","status":"publish","type":"page","link":"https:\/\/www.aviyatech.com\/fr\/notre-expertise\/","title":{"rendered":"Notre expertise"},"content":{"rendered":"<h1>Notre expertise<\/h1>\n<p>Aviya Aerospace Systems offre aux plus grandes entreprises mondiales du secteur de l\u2019a\u00e9rospatial des solutions personnalis\u00e9es \u00e0 prix concurrentiel. Notre soci\u00e9t\u00e9 mise sur l\u2019excellence, tant du point de vue du service \u00e0 la client\u00e8le que de l\u2019ing\u00e9nierie. Nous vous offrons un guichet unique pour la r\u00e9solution de probl\u00e8mes techniques et la conformit\u00e9 aux normes \u00e9tablies.<\/p>\n<p><img loading=\"lazy\" decoding=\"async\" width=\"1260\" height=\"712\" class=\"alignnone wp-image-495 size-full\" src=\"https:\/\/www.aviyatech.com\/wp-content\/uploads\/2014\/09\/Services.jpg\" alt=\"Cabine de pilotage d'un avion de ligne vue de l'ext\u00e9rieur.\" style=\"width:100%;\" srcset=\"https:\/\/www.aviyatech.com\/wp-content\/uploads\/2014\/09\/Services.jpg 1260w, https:\/\/www.aviyatech.com\/wp-content\/uploads\/2014\/09\/Services-300x170.jpg 300w, https:\/\/www.aviyatech.com\/wp-content\/uploads\/2014\/09\/Services-1024x579.jpg 1024w\" sizes=\"(max-width: 1260px) 100vw, 1260px\" \/><\/p>\n<p><strong>\u00a0<\/strong>EXPERTISE EN CONCEPTION DE SYST\u00c8MES A\u00c9ROSPATIAUX<\/p>\n<ul>\n<li>Expertise en certification de la norme DO-254, DO-178B\/C et DO-160 niveau\u00a0A des syst\u00e8mes essentiels \u00e0 la s\u00e9curit\u00e9<\/li>\n<li>Analyse et mod\u00e9lisation des contr\u00f4les<\/li>\n<li>Conception \u00e9lectronique (num\u00e9rique ou analogique)<\/li>\n<li>Conception de syst\u00e8mes m\u00e9caniques<\/li>\n<li>Gestion de programme<\/li>\n<li>Conception de syst\u00e8mes temps r\u00e9el embarqu\u00e9s (STRE)<\/li>\n<li>Validation et v\u00e9rification du syst\u00e8me, du mat\u00e9riel et des logiciels<\/li>\n<\/ul>\n","protected":false},"excerpt":{"rendered":"<p>Notre expertise Aviya Aerospace Systems offre aux plus grandes entreprises mondiales du secteur de l\u2019a\u00e9rospatial des solutions personnalis\u00e9es \u00e0 prix concurrentiel. Notre soci\u00e9t\u00e9 mise sur l\u2019excellence, tant du point de vue du service \u00e0 la client\u00e8le que de l\u2019ing\u00e9nierie. Nous vous offrons un guichet unique pour la r\u00e9solution de probl\u00e8mes techniques et la conformit\u00e9 aux [&hellip;]<\/p>\n","protected":false},"author":5,"featured_media":0,"parent":0,"menu_order":0,"comment_status":"closed","ping_status":"open","template":"","meta":{"footnotes":""},"acf":[],"yoast_head":"<!-- This site is optimized with the Yoast SEO plugin v21.7 - https:\/\/yoast.com\/wordpress\/plugins\/seo\/ -->\n<title>Notre expertise - Aviya<\/title>\n<meta name=\"robots\" content=\"index, follow, max-snippet:-1, max-image-preview:large, max-video-preview:-1\" \/>\n<link rel=\"canonical\" href=\"https:\/\/www.aviyatech.com\/fr\/notre-expertise\/\" \/>\n<meta property=\"og:locale\" content=\"fr_FR\" \/>\n<meta property=\"og:type\" content=\"article\" \/>\n<meta property=\"og:title\" content=\"Notre expertise - Aviya\" \/>\n<meta property=\"og:description\" content=\"Notre expertise Aviya Aerospace Systems offre aux plus grandes entreprises mondiales du secteur de l\u2019a\u00e9rospatial des solutions personnalis\u00e9es \u00e0 prix concurrentiel. Notre soci\u00e9t\u00e9 mise sur l\u2019excellence, tant du point de vue du service \u00e0 la client\u00e8le que de l\u2019ing\u00e9nierie. Nous vous offrons un guichet unique pour la r\u00e9solution de probl\u00e8mes techniques et la conformit\u00e9 aux [&hellip;]\" \/>\n<meta property=\"og:url\" content=\"https:\/\/www.aviyatech.com\/fr\/notre-expertise\/\" \/>\n<meta property=\"og:site_name\" content=\"Aviya\" \/>\n<meta property=\"article:modified_time\" content=\"2024-05-08T03:35:05+00:00\" \/>\n<meta property=\"og:image\" content=\"https:\/\/www.aviyatech.com\/wp-content\/uploads\/2014\/09\/Services.jpg\" \/>\n<meta name=\"twitter:card\" content=\"summary_large_image\" \/>\n<meta name=\"twitter:label1\" content=\"Est. reading time\" \/>\n\t<meta name=\"twitter:data1\" content=\"1 minute\" \/>\n<script type=\"application\/ld+json\" class=\"yoast-schema-graph\">{\"@context\":\"https:\/\/schema.org\",\"@graph\":[{\"@type\":\"WebPage\",\"@id\":\"https:\/\/www.aviyatech.com\/fr\/notre-expertise\/\",\"url\":\"https:\/\/www.aviyatech.com\/fr\/notre-expertise\/\",\"name\":\"Notre expertise - Aviya\",\"isPartOf\":{\"@id\":\"https:\/\/www.aviyatech.com\/fr\/#website\"},\"datePublished\":\"2014-09-16T00:49:04+00:00\",\"dateModified\":\"2024-05-08T03:35:05+00:00\",\"breadcrumb\":{\"@id\":\"https:\/\/www.aviyatech.com\/fr\/notre-expertise\/#breadcrumb\"},\"inLanguage\":\"fr-FR\",\"potentialAction\":[{\"@type\":\"ReadAction\",\"target\":[\"https:\/\/www.aviyatech.com\/fr\/notre-expertise\/\"]}]},{\"@type\":\"BreadcrumbList\",\"@id\":\"https:\/\/www.aviyatech.com\/fr\/notre-expertise\/#breadcrumb\",\"itemListElement\":[{\"@type\":\"ListItem\",\"position\":1,\"name\":\"Home\",\"item\":\"https:\/\/www.aviyatech.com\/fr\/accueil\/\"},{\"@type\":\"ListItem\",\"position\":2,\"name\":\"Notre expertise\"}]},{\"@type\":\"WebSite\",\"@id\":\"https:\/\/www.aviyatech.com\/fr\/#website\",\"url\":\"https:\/\/www.aviyatech.com\/fr\/\",\"name\":\"Aviya\",\"description\":\"\",\"publisher\":{\"@id\":\"https:\/\/www.aviyatech.com\/fr\/#organization\"},\"potentialAction\":[{\"@type\":\"SearchAction\",\"target\":{\"@type\":\"EntryPoint\",\"urlTemplate\":\"https:\/\/www.aviyatech.com\/fr\/?s={search_term_string}\"},\"query-input\":\"required name=search_term_string\"}],\"inLanguage\":\"fr-FR\"},{\"@type\":\"Organization\",\"@id\":\"https:\/\/www.aviyatech.com\/fr\/#organization\",\"name\":\"Aviya Aerospace Systems\",\"url\":\"https:\/\/www.aviyatech.com\/fr\/\",\"logo\":{\"@type\":\"ImageObject\",\"inLanguage\":\"fr-FR\",\"@id\":\"https:\/\/www.aviyatech.com\/fr\/#\/schema\/logo\/image\/\",\"url\":\"http:\/\/www.aviyatech.com\/wp-content\/uploads\/2014\/07\/logo_en.png\",\"contentUrl\":\"http:\/\/www.aviyatech.com\/wp-content\/uploads\/2014\/07\/logo_en.png\",\"width\":90,\"height\":84,\"caption\":\"Aviya Aerospace Systems\"},\"image\":{\"@id\":\"https:\/\/www.aviyatech.com\/fr\/#\/schema\/logo\/image\/\"},\"sameAs\":[\"https:\/\/www.linkedin.com\/company\/1026725\"]}]}<\/script>\n<!-- \/ Yoast SEO plugin. -->","yoast_head_json":{"title":"Notre expertise - Aviya","robots":{"index":"index","follow":"follow","max-snippet":"max-snippet:-1","max-image-preview":"max-image-preview:large","max-video-preview":"max-video-preview:-1"},"canonical":"https:\/\/www.aviyatech.com\/fr\/notre-expertise\/","og_locale":"fr_FR","og_type":"article","og_title":"Notre expertise - Aviya","og_description":"Notre expertise Aviya Aerospace Systems offre aux plus grandes entreprises mondiales du secteur de l\u2019a\u00e9rospatial des solutions personnalis\u00e9es \u00e0 prix concurrentiel. Notre soci\u00e9t\u00e9 mise sur l\u2019excellence, tant du point de vue du service \u00e0 la client\u00e8le que de l\u2019ing\u00e9nierie. Nous vous offrons un guichet unique pour la r\u00e9solution de probl\u00e8mes techniques et la conformit\u00e9 aux [&hellip;]","og_url":"https:\/\/www.aviyatech.com\/fr\/notre-expertise\/","og_site_name":"Aviya","article_modified_time":"2024-05-08T03:35:05+00:00","og_image":[{"url":"https:\/\/www.aviyatech.com\/wp-content\/uploads\/2014\/09\/Services.jpg"}],"twitter_card":"summary_large_image","twitter_misc":{"Est. reading time":"1 minute"},"schema":{"@context":"https:\/\/schema.org","@graph":[{"@type":"WebPage","@id":"https:\/\/www.aviyatech.com\/fr\/notre-expertise\/","url":"https:\/\/www.aviyatech.com\/fr\/notre-expertise\/","name":"Notre expertise - Aviya","isPartOf":{"@id":"https:\/\/www.aviyatech.com\/fr\/#website"},"datePublished":"2014-09-16T00:49:04+00:00","dateModified":"2024-05-08T03:35:05+00:00","breadcrumb":{"@id":"https:\/\/www.aviyatech.com\/fr\/notre-expertise\/#breadcrumb"},"inLanguage":"fr-FR","potentialAction":[{"@type":"ReadAction","target":["https:\/\/www.aviyatech.com\/fr\/notre-expertise\/"]}]},{"@type":"BreadcrumbList","@id":"https:\/\/www.aviyatech.com\/fr\/notre-expertise\/#breadcrumb","itemListElement":[{"@type":"ListItem","position":1,"name":"Home","item":"https:\/\/www.aviyatech.com\/fr\/accueil\/"},{"@type":"ListItem","position":2,"name":"Notre expertise"}]},{"@type":"WebSite","@id":"https:\/\/www.aviyatech.com\/fr\/#website","url":"https:\/\/www.aviyatech.com\/fr\/","name":"Aviya","description":"","publisher":{"@id":"https:\/\/www.aviyatech.com\/fr\/#organization"},"potentialAction":[{"@type":"SearchAction","target":{"@type":"EntryPoint","urlTemplate":"https:\/\/www.aviyatech.com\/fr\/?s={search_term_string}"},"query-input":"required name=search_term_string"}],"inLanguage":"fr-FR"},{"@type":"Organization","@id":"https:\/\/www.aviyatech.com\/fr\/#organization","name":"Aviya Aerospace Systems","url":"https:\/\/www.aviyatech.com\/fr\/","logo":{"@type":"ImageObject","inLanguage":"fr-FR","@id":"https:\/\/www.aviyatech.com\/fr\/#\/schema\/logo\/image\/","url":"http:\/\/www.aviyatech.com\/wp-content\/uploads\/2014\/07\/logo_en.png","contentUrl":"http:\/\/www.aviyatech.com\/wp-content\/uploads\/2014\/07\/logo_en.png","width":90,"height":84,"caption":"Aviya Aerospace Systems"},"image":{"@id":"https:\/\/www.aviyatech.com\/fr\/#\/schema\/logo\/image\/"},"sameAs":["https:\/\/www.linkedin.com\/company\/1026725"]}]}},"_links":{"self":[{"href":"https:\/\/www.aviyatech.com\/fr\/wp-json\/wp\/v2\/pages\/192"}],"collection":[{"href":"https:\/\/www.aviyatech.com\/fr\/wp-json\/wp\/v2\/pages"}],"about":[{"href":"https:\/\/www.aviyatech.com\/fr\/wp-json\/wp\/v2\/types\/page"}],"author":[{"embeddable":true,"href":"https:\/\/www.aviyatech.com\/fr\/wp-json\/wp\/v2\/users\/5"}],"replies":[{"embeddable":true,"href":"https:\/\/www.aviyatech.com\/fr\/wp-json\/wp\/v2\/comments?post=192"}],"version-history":[{"count":6,"href":"https:\/\/www.aviyatech.com\/fr\/wp-json\/wp\/v2\/pages\/192\/revisions"}],"predecessor-version":[{"id":2327,"href":"https:\/\/www.aviyatech.com\/fr\/wp-json\/wp\/v2\/pages\/192\/revisions\/2327"}],"wp:attachment":[{"href":"https:\/\/www.aviyatech.com\/fr\/wp-json\/wp\/v2\/media?parent=192"}],"curies":[{"name":"wp","href":"https:\/\/api.w.org\/{rel}","templated":true}]}}