{"id":187,"date":"2014-09-15T20:53:24","date_gmt":"2014-09-16T00:53:24","guid":{"rendered":"https:\/\/www.aviyatech.com\/?page_id=187"},"modified":"2024-05-05T23:45:07","modified_gmt":"2024-05-06T03:45:07","slug":"ingenierie","status":"publish","type":"page","link":"https:\/\/www.aviyatech.com\/fr\/ingenierie\/","title":{"rendered":"Ing\u00e9nierie"},"content":{"rendered":"<h1>Ing\u00e9nierie<\/h1>\n<h3>Syst\u00e8mes<\/h3>\n<p>Nous nous sp\u00e9cialisons tant dans la conception que dans la mise \u00e0 l\u2019essai de syst\u00e8mes essentiels \u00e0 la mission destin\u00e9s aux applications militaires et a\u00e9rospatiales. Nos comp\u00e9tences et notre exp\u00e9rience font en sorte que tous les besoins des clients en mati\u00e8re d\u2019applications sont compris, analys\u00e9s et simul\u00e9s au moyen de la mod\u00e9lisation (Simulink, Matlab, SCADE) pour produire des solutions optimales.<\/p>\n<p><img loading=\"lazy\" decoding=\"async\" class=\"alignnone wp-image-488 size-full\" style=\"width: 100%;\" src=\"http:\/\/www.aviyatech.com\/wp-content\/uploads\/2014\/10\/Engineering.jpg\" alt=\"Un ing\u00e9nieur de Aviya proc\u00e9dant \u00e0 l'essai d'un \u00e9quipement.\" width=\"1260\" height=\"712\" srcset=\"https:\/\/www.aviyatech.com\/wp-content\/uploads\/2014\/10\/Engineering.jpg 1260w, https:\/\/www.aviyatech.com\/wp-content\/uploads\/2014\/10\/Engineering-300x170.jpg 300w, https:\/\/www.aviyatech.com\/wp-content\/uploads\/2014\/10\/Engineering-1024x579.jpg 1024w\" sizes=\"(max-width: 1260px) 100vw, 1260px\" \/><\/p>\n<p>Nos ing\u00e9nieurs chevronn\u00e9s sont \u00e0 votre disposition pour vous aider \u00e0 \u00e9laborer des exigences concises, pr\u00e9cises, v\u00e9rifiables et r\u00e9alisables pour la d\u00e9finition du rendement de votre syst\u00e8me. Notre base de connaissances englobe le contr\u00f4le du rendement, les tests int\u00e9gr\u00e9s et la reconfiguration. Le processus de conception de syst\u00e8mes bien d\u00e9fini d\u2019Aviya est con\u00e7u pour tirer profit d\u2019outils qui font gagner du temps comme DOORS d\u2019IBM, Matlab de Mathworks et SCADE d\u2019Esterel Technologies.<\/p>\n<p>L\u2019exp\u00e9rience que poss\u00e8de les sp\u00e9cialistes en conception de syst\u00e8mes d\u2019Aviya porte sur un bon nombre de syst\u00e8mes d\u2019a\u00e9ronef y compris les moteurs, les groupes auxiliaires de bord, les roues et les dispositifs de freinage, les syst\u00e8mes d\u2019alimentation \u00e9lectrique et les syst\u00e8mes de gestion de l\u2019air. Notre biblioth\u00e8que sp\u00e9cialis\u00e9e des composants d\u2019a\u00e9ronef simul\u00e9s, combin\u00e9e \u00e0 notre expertise en simulation en temps r\u00e9el, offre une plateforme haute-fid\u00e9lit\u00e9 pour la conception rapide de syst\u00e8mes et de tests, bien avant de r\u00e9aliser tout essai en vol.<\/p>\n<p>Nous concevons efficacement des prototypes de plateforme \u00ab\u00a0rapide \u00bb, au moyen des solutions propri\u00e9taires et commerciales de s\u00e9rie adapt\u00e9es, dot\u00e9es de composants mat\u00e9riels et logiciels reconfigurables aux fins d\u2019\u00e9change de mod\u00e8les, de r\u00e9duction des risques, de conception et d\u2019essais de certification. Que vous ayez besoin d\u2019un sp\u00e9cialiste en la mati\u00e8re ou d\u2019un soutien complet en conception de syst\u00e8mes, Aviya saura r\u00e9pondre \u00e0 vos besoins.<\/p>\n<h3>M\u00e9canique<\/h3>\n<p>Nos ing\u00e9nieurs en m\u00e9canique sont titulaires d\u2019une ma\u00eetrise ou d\u2019un doctorat. Ils poss\u00e8dent les connaissances, l\u2019exp\u00e9rience et les comp\u00e9tences techniques n\u00e9cessaires pour r\u00e9aliser les concepts m\u00e9caniques les plus complexes. Au moyen des outils les plus r\u00e9cents, nous offrons des services d\u2019analyse, de mod\u00e9lisation et d\u2019\u00e9valuation multidimensionnels.<\/p>\n<p>Nos effectifs poss\u00e8dent des comp\u00e9tences en dynamique des fluides num\u00e9rique, en thermodynamique, en acoustique et en turbine \u00e0 gaz. Des moteurs aux structures, du maillage au r\u00e9solveur de flux, nous offrons un service d\u2019appui aux projets en impartition ou sur place, ainsi que du soutien aux travaux de courte dur\u00e9e.<\/p>\n<p><strong>Logiciel<\/strong><\/p>\n<p>Gr\u00e2ce \u00e0 une \u00e9quipe comp\u00e9tente d\u2019ing\u00e9nieurs en logiciels et \u00e0 l\u2019attention que nous apportons aux applications int\u00e9gr\u00e9es, nous avons le savoir-faire pour nous conformer aux exigences en mati\u00e8re de logiciels en langage C, C++ et ADA.<\/p>\n<p>Notre expertise en certification\u00a0DO-178B, nos mod\u00e8les de stabilisation des capacit\u00e9s (SEI CMM) et le respect de la norme AS9100 nous permettent de concevoir des logiciels de grande qualit\u00e9 qui se traduisent par une faible maintenance et une v\u00e9rification facile. Le processus de conception d\u2019Aviya s\u2019appuie sur de nombreuses m\u00e9thodologies de conception, dont UML. Nous misons sur l\u2019utilisation de nombreux outils de d\u00e9veloppement comme DOORS et Rhapsody d\u2019IBM.<\/p>\n<p>Notre \u00e9quipe de v\u00e9rification et de validation poss\u00e8de une si vaste exp\u00e9rience \u00e0 tous les niveaux requis de mise \u00e0 l\u2019essai que nous sommes responsables de la v\u00e9rification et de la validation des produits class\u00e9s essentiels \u00e0 la s\u00e9curit\u00e9 (DO-178B Level\u00a0A). Nous offrons toute la gamme de tests, des tests unitaires aux tests d\u2019int\u00e9gration de logiciel, en passant par les tests d\u2019int\u00e9gration du mat\u00e9riel\/logiciel, y compris l\u2019\u00e9laboration de tous les plans, proc\u00e9dures et rapports.<\/p>\n<p>L\u2019utilisation d\u2019outils de test comme Rational Test RealTime ou VectorCAST, dont nous disposons gr\u00e2ce \u00e0 notre fier partenariat avec Vector Software, vous assure un soutien en validation et v\u00e9rification rapide et \u00e9conomique. La puissante s\u00e9rie d\u2019outils de test Vector Software offre une solution unique pour tous les tests bas\u00e9s sur les exigences et l\u2019analyse de couverture de code.<\/p>\n<p>Les plateformes d\u2019\u00e9laboration et de test d\u2019Aviya bas\u00e9es sur la technologie RT-Linux simplifient et automatisent le processus de validation et de v\u00e9rification de logiciels dans les d\u00e9lais pr\u00e9vus. On peut adapter les plateformes de test afin qu\u2019elles prennent en charge les tests en circuit ouvert et en circuit ferm\u00e9 et les doter d\u2019une interface entr\u00e9e-sortie souple que l\u2019on peut reconfigurer pour les essais multicibles et multiprojets.<\/p>\n<p>Notre exp\u00e9rience de toutes les \u00e9tapes du processus comprend \u00e9galement l\u2019interaction avec des organismes de certification comme Transports Canada, la Federal Aviation Administration (FAA) et l\u2019Agence europ\u00e9enne de la s\u00e9curit\u00e9 a\u00e9rienne (AESA) et la pr\u00e9sentation de rapports \u00e0 ces m\u00eames organismes.<\/p>\n<p>Nos liens avec les meilleurs repr\u00e9sentants techniques d\u00e9sign\u00e9s de l\u2019industrie assurent une surveillance professionnelle de toutes nos activit\u00e9s de g\u00e9nie.<\/p>\n<p><strong>\u00c9lectrique<\/strong><\/p>\n<p>Les normes de s\u00e9curit\u00e9 et les exigences de rendement impos\u00e9es aux applications en \u00e9lectronique a\u00e9rospatiale demandent que seuls les ing\u00e9nieurs les plus comp\u00e9tents \u00e9laborent le mat\u00e9riel pour ces syst\u00e8mes.<\/p>\n<p>L\u2019\u00e9quipe chevronn\u00e9e et experte d\u2019Aviya se sp\u00e9cialise en \u00e9lectronique analogique \u00e0 haute puissance et haute densit\u00e9 ainsi qu\u2019en \u00e9lectronique num\u00e9rique, plus particuli\u00e8rement en matrices pr\u00e9diffus\u00e9es programmables par l\u2019utilisateur (FPGA) et circuits int\u00e9gr\u00e9s sp\u00e9cifiques (ASIC). Notre exp\u00e9rience en conception de mat\u00e9riel con\u00e7u pour les milieux hostiles fait en sorte que vos syst\u00e8mes fonctionnent de mani\u00e8re pr\u00e9visible dans toutes les conditions.<\/p>\n<p>Aviya poss\u00e8de toute l\u2019exp\u00e9rience requise pour s\u2019attaquer \u00e0 la plupart des applications\u00a0: les syst\u00e8mes de production et de distribution d\u2019\u00e9lectricit\u00e9, les r\u00e9gulateurs de moteur, les trains d\u2019atterrissage, les roues et les freins, les r\u00e9gulateurs de syst\u00e8mes de cycle \u00e0 vapeur et pneumatiques, les r\u00e9gulateurs de pression de cabine, les r\u00e9gulateurs de moteur de ventilateur, pour ne nommer que ceux-l\u00e0.<\/p>\n","protected":false},"excerpt":{"rendered":"<p>Ing\u00e9nierie Syst\u00e8mes Nous nous sp\u00e9cialisons tant dans la conception que dans la mise \u00e0 l\u2019essai de syst\u00e8mes essentiels \u00e0 la mission destin\u00e9s aux applications militaires et a\u00e9rospatiales. Nos comp\u00e9tences et notre exp\u00e9rience font en sorte que tous les besoins des clients en mati\u00e8re d\u2019applications sont compris, analys\u00e9s et simul\u00e9s au moyen de la mod\u00e9lisation (Simulink, [&hellip;]<\/p>\n","protected":false},"author":5,"featured_media":0,"parent":0,"menu_order":3,"comment_status":"closed","ping_status":"open","template":"","meta":{"footnotes":""},"acf":[],"yoast_head":"<!-- This site is optimized with the Yoast SEO plugin v21.7 - https:\/\/yoast.com\/wordpress\/plugins\/seo\/ -->\n<title>Ing\u00e9nierie - Aviya<\/title>\n<meta name=\"robots\" content=\"index, follow, max-snippet:-1, max-image-preview:large, max-video-preview:-1\" \/>\n<link rel=\"canonical\" href=\"https:\/\/www.aviyatech.com\/fr\/ingenierie\/\" \/>\n<meta property=\"og:locale\" content=\"fr_FR\" \/>\n<meta property=\"og:type\" content=\"article\" \/>\n<meta property=\"og:title\" content=\"Ing\u00e9nierie - Aviya\" \/>\n<meta property=\"og:description\" content=\"Ing\u00e9nierie Syst\u00e8mes Nous nous sp\u00e9cialisons tant dans la conception que dans la mise \u00e0 l\u2019essai de syst\u00e8mes essentiels \u00e0 la mission destin\u00e9s aux applications militaires et a\u00e9rospatiales. Nos comp\u00e9tences et notre exp\u00e9rience font en sorte que tous les besoins des clients en mati\u00e8re d\u2019applications sont compris, analys\u00e9s et simul\u00e9s au moyen de la mod\u00e9lisation (Simulink, [&hellip;]\" \/>\n<meta property=\"og:url\" content=\"https:\/\/www.aviyatech.com\/fr\/ingenierie\/\" \/>\n<meta property=\"og:site_name\" content=\"Aviya\" \/>\n<meta property=\"article:modified_time\" content=\"2024-05-06T03:45:07+00:00\" \/>\n<meta property=\"og:image\" content=\"http:\/\/www.aviyatech.com\/wp-content\/uploads\/2014\/10\/Engineering.jpg\" \/>\n<meta name=\"twitter:card\" content=\"summary_large_image\" \/>\n<meta name=\"twitter:label1\" content=\"Est. reading time\" \/>\n\t<meta name=\"twitter:data1\" content=\"5 minutes\" \/>\n<script type=\"application\/ld+json\" class=\"yoast-schema-graph\">{\"@context\":\"https:\/\/schema.org\",\"@graph\":[{\"@type\":\"WebPage\",\"@id\":\"https:\/\/www.aviyatech.com\/fr\/ingenierie\/\",\"url\":\"https:\/\/www.aviyatech.com\/fr\/ingenierie\/\",\"name\":\"Ing\u00e9nierie - Aviya\",\"isPartOf\":{\"@id\":\"https:\/\/www.aviyatech.com\/fr\/#website\"},\"datePublished\":\"2014-09-16T00:53:24+00:00\",\"dateModified\":\"2024-05-06T03:45:07+00:00\",\"breadcrumb\":{\"@id\":\"https:\/\/www.aviyatech.com\/fr\/ingenierie\/#breadcrumb\"},\"inLanguage\":\"fr-FR\",\"potentialAction\":[{\"@type\":\"ReadAction\",\"target\":[\"https:\/\/www.aviyatech.com\/fr\/ingenierie\/\"]}]},{\"@type\":\"BreadcrumbList\",\"@id\":\"https:\/\/www.aviyatech.com\/fr\/ingenierie\/#breadcrumb\",\"itemListElement\":[{\"@type\":\"ListItem\",\"position\":1,\"name\":\"Home\",\"item\":\"https:\/\/www.aviyatech.com\/fr\/accueil\/\"},{\"@type\":\"ListItem\",\"position\":2,\"name\":\"Ing\u00e9nierie\"}]},{\"@type\":\"WebSite\",\"@id\":\"https:\/\/www.aviyatech.com\/fr\/#website\",\"url\":\"https:\/\/www.aviyatech.com\/fr\/\",\"name\":\"Aviya\",\"description\":\"\",\"publisher\":{\"@id\":\"https:\/\/www.aviyatech.com\/fr\/#organization\"},\"potentialAction\":[{\"@type\":\"SearchAction\",\"target\":{\"@type\":\"EntryPoint\",\"urlTemplate\":\"https:\/\/www.aviyatech.com\/fr\/?s={search_term_string}\"},\"query-input\":\"required name=search_term_string\"}],\"inLanguage\":\"fr-FR\"},{\"@type\":\"Organization\",\"@id\":\"https:\/\/www.aviyatech.com\/fr\/#organization\",\"name\":\"Aviya Aerospace Systems\",\"url\":\"https:\/\/www.aviyatech.com\/fr\/\",\"logo\":{\"@type\":\"ImageObject\",\"inLanguage\":\"fr-FR\",\"@id\":\"https:\/\/www.aviyatech.com\/fr\/#\/schema\/logo\/image\/\",\"url\":\"http:\/\/www.aviyatech.com\/wp-content\/uploads\/2014\/07\/logo_en.png\",\"contentUrl\":\"http:\/\/www.aviyatech.com\/wp-content\/uploads\/2014\/07\/logo_en.png\",\"width\":90,\"height\":84,\"caption\":\"Aviya Aerospace Systems\"},\"image\":{\"@id\":\"https:\/\/www.aviyatech.com\/fr\/#\/schema\/logo\/image\/\"},\"sameAs\":[\"https:\/\/www.linkedin.com\/company\/1026725\"]}]}<\/script>\n<!-- \/ Yoast SEO plugin. -->","yoast_head_json":{"title":"Ing\u00e9nierie - Aviya","robots":{"index":"index","follow":"follow","max-snippet":"max-snippet:-1","max-image-preview":"max-image-preview:large","max-video-preview":"max-video-preview:-1"},"canonical":"https:\/\/www.aviyatech.com\/fr\/ingenierie\/","og_locale":"fr_FR","og_type":"article","og_title":"Ing\u00e9nierie - Aviya","og_description":"Ing\u00e9nierie Syst\u00e8mes Nous nous sp\u00e9cialisons tant dans la conception que dans la mise \u00e0 l\u2019essai de syst\u00e8mes essentiels \u00e0 la mission destin\u00e9s aux applications militaires et a\u00e9rospatiales. Nos comp\u00e9tences et notre exp\u00e9rience font en sorte que tous les besoins des clients en mati\u00e8re d\u2019applications sont compris, analys\u00e9s et simul\u00e9s au moyen de la mod\u00e9lisation (Simulink, [&hellip;]","og_url":"https:\/\/www.aviyatech.com\/fr\/ingenierie\/","og_site_name":"Aviya","article_modified_time":"2024-05-06T03:45:07+00:00","og_image":[{"url":"http:\/\/www.aviyatech.com\/wp-content\/uploads\/2014\/10\/Engineering.jpg"}],"twitter_card":"summary_large_image","twitter_misc":{"Est. reading time":"5 minutes"},"schema":{"@context":"https:\/\/schema.org","@graph":[{"@type":"WebPage","@id":"https:\/\/www.aviyatech.com\/fr\/ingenierie\/","url":"https:\/\/www.aviyatech.com\/fr\/ingenierie\/","name":"Ing\u00e9nierie - Aviya","isPartOf":{"@id":"https:\/\/www.aviyatech.com\/fr\/#website"},"datePublished":"2014-09-16T00:53:24+00:00","dateModified":"2024-05-06T03:45:07+00:00","breadcrumb":{"@id":"https:\/\/www.aviyatech.com\/fr\/ingenierie\/#breadcrumb"},"inLanguage":"fr-FR","potentialAction":[{"@type":"ReadAction","target":["https:\/\/www.aviyatech.com\/fr\/ingenierie\/"]}]},{"@type":"BreadcrumbList","@id":"https:\/\/www.aviyatech.com\/fr\/ingenierie\/#breadcrumb","itemListElement":[{"@type":"ListItem","position":1,"name":"Home","item":"https:\/\/www.aviyatech.com\/fr\/accueil\/"},{"@type":"ListItem","position":2,"name":"Ing\u00e9nierie"}]},{"@type":"WebSite","@id":"https:\/\/www.aviyatech.com\/fr\/#website","url":"https:\/\/www.aviyatech.com\/fr\/","name":"Aviya","description":"","publisher":{"@id":"https:\/\/www.aviyatech.com\/fr\/#organization"},"potentialAction":[{"@type":"SearchAction","target":{"@type":"EntryPoint","urlTemplate":"https:\/\/www.aviyatech.com\/fr\/?s={search_term_string}"},"query-input":"required name=search_term_string"}],"inLanguage":"fr-FR"},{"@type":"Organization","@id":"https:\/\/www.aviyatech.com\/fr\/#organization","name":"Aviya Aerospace Systems","url":"https:\/\/www.aviyatech.com\/fr\/","logo":{"@type":"ImageObject","inLanguage":"fr-FR","@id":"https:\/\/www.aviyatech.com\/fr\/#\/schema\/logo\/image\/","url":"http:\/\/www.aviyatech.com\/wp-content\/uploads\/2014\/07\/logo_en.png","contentUrl":"http:\/\/www.aviyatech.com\/wp-content\/uploads\/2014\/07\/logo_en.png","width":90,"height":84,"caption":"Aviya Aerospace Systems"},"image":{"@id":"https:\/\/www.aviyatech.com\/fr\/#\/schema\/logo\/image\/"},"sameAs":["https:\/\/www.linkedin.com\/company\/1026725"]}]}},"_links":{"self":[{"href":"https:\/\/www.aviyatech.com\/fr\/wp-json\/wp\/v2\/pages\/187"}],"collection":[{"href":"https:\/\/www.aviyatech.com\/fr\/wp-json\/wp\/v2\/pages"}],"about":[{"href":"https:\/\/www.aviyatech.com\/fr\/wp-json\/wp\/v2\/types\/page"}],"author":[{"embeddable":true,"href":"https:\/\/www.aviyatech.com\/fr\/wp-json\/wp\/v2\/users\/5"}],"replies":[{"embeddable":true,"href":"https:\/\/www.aviyatech.com\/fr\/wp-json\/wp\/v2\/comments?post=187"}],"version-history":[{"count":12,"href":"https:\/\/www.aviyatech.com\/fr\/wp-json\/wp\/v2\/pages\/187\/revisions"}],"predecessor-version":[{"id":2316,"href":"https:\/\/www.aviyatech.com\/fr\/wp-json\/wp\/v2\/pages\/187\/revisions\/2316"}],"wp:attachment":[{"href":"https:\/\/www.aviyatech.com\/fr\/wp-json\/wp\/v2\/media?parent=187"}],"curies":[{"name":"wp","href":"https:\/\/api.w.org\/{rel}","templated":true}]}}