{"id":185,"date":"2014-10-16T20:21:10","date_gmt":"2014-10-17T00:21:10","guid":{"rendered":"https:\/\/www.aviyatech.com\/?page_id=185"},"modified":"2024-05-07T23:53:38","modified_gmt":"2024-05-08T03:53:38","slug":"notre-technologie","status":"publish","type":"page","link":"https:\/\/www.aviyatech.com\/fr\/notre-expertise\/notre-technologie\/","title":{"rendered":"Notre technologie"},"content":{"rendered":"<h1>Notre technologie<\/h1>\n<h2>CLB<\/h2>\n<p>Le syst\u00e8me de simulation en circuit ferm\u00e9 (SSCF) d\u2019Aviya est un banc d\u2019essai robuste, personnalisable et rentable id\u00e9al pour la conception de syst\u00e8mes a\u00e9rospatiaux. Le SSCF permet une simulation haute-fid\u00e9lit\u00e9 des divers syst\u00e8mes de votre a\u00e9ronef, en plus d\u2019offrir de multiples options pour l\u2019\u00e9laboration et l\u2019ex\u00e9cution de sc\u00e9narios d\u2019essais.<\/p>\n<p>Le simulateur temps r\u00e9el pour PC du SSCF vous permet de mod\u00e9liser des syst\u00e8mes de contr\u00f4le et d\u2019a\u00e9ronefs complexes \u00e0 l\u2019aide de MATLAB\/Simulink et de notre biblioth\u00e8que exclusive de mod\u00e8les. Les mod\u00e8les peuvent \u00eatre rapidement et facilement convertis en code\u00a0C et ex\u00e9cut\u00e9s en temps r\u00e9el \u2013 en un temps record de moins de\u00a010\u00a0ns par \u00e9tape, m\u00eame avec des matrices pr\u00e9diffus\u00e9es programmables par l\u2019utilisateur (FPGA).<\/p>\n<p>La capacit\u00e9 de scripts automatis\u00e9s du SSCF permet de r\u00e9duire le risque d\u2019erreur humaine pendant les tests. Suivant les normes DO-178B\/C, tous les tests sont script\u00e9s et g\u00e9r\u00e9s sous gestion de configuration, assurant une totale r\u00e9p\u00e9tabilit\u00e9. Vous pouvez facilement modifier les scripts SSCF en fonction de vos besoins, ce qui permet de r\u00e9aliser les m\u00eames essais en l\u2019espace de quelques heures, au lieu de quelques semaines.<\/p>\n<p>Ce simulateur de haute pr\u00e9cision vous permet de gagner du temps et d\u2019\u00e9conomiser de l\u2019argent dans la mesure o\u00f9 vous n\u2019aurez plus \u00e0 b\u00e2tir des prototypes physiques on\u00e9reux \u00e0 des fins d\u2019essai. Le SSCF peut \u00e9galement servir dans une configuration \u00e0 circuit ouvert pour des tests d\u2019usine et de r\u00e9paration et de remaniement de contr\u00f4leurs.<\/p>\n<p><strong>\u00a0<\/strong><strong>Syst\u00e8me virtuel de simulation en circuit ferm\u00e9 (SVSCF)<\/strong><\/p>\n<p>Toujours soucieuse d\u2019innover, notre entreprise a port\u00e9 la mod\u00e9lisation et la simulation \u00e0 un niveau sup\u00e9rieur avec la cr\u00e9ation du SVSCF.<\/p>\n<p>Cette plateforme uniquement PC permet de projeter l\u2019environnement du syst\u00e8me dans l\u2019univers logiciel et de proc\u00e9der \u00e0 des simulations de tr\u00e8s haute pr\u00e9cision, en temps r\u00e9el. Les interfaces a\u00e9rospatiales standardis\u00e9es, par exemple ARINC429, CANBus and AFDX\u00ac &#8212; de m\u00eame que les valves, les capteurs et les LRU\u2014peuvent faire l\u2019objet d\u2019une mod\u00e9lisation haute-fid\u00e9lit\u00e9.<\/p>\n<p>Le SVSCF est dot\u00e9 de la m\u00eame interface de l\u2019utilisateur que notre SSCF, nos clients peuvent ainsi concevoir et proc\u00e9der \u00e0 des essais du contr\u00f4le, du logiciel embarqu\u00e9, des algorithmes et des interfaces dans un environnement int\u00e9gr\u00e9 bien avant que le mat\u00e9riel du contr\u00f4leur ne soit disponible.<\/p>\n<p>La version de base du SVSCF d\u2019Aviya est dot\u00e9e de notre puissant moteur de scripts enti\u00e8rement compatible avec notre plateforme SSCF, ce qui permet de concevoir un banc d\u2019essai sur le SVSCF d\u00e8s les premiers stades et de migrer sans contraintes au stade de la certification vers notre puissante plateforme mat\u00e9rielle SSCF.<\/p>\n<p>\u00c9tant donn\u00e9 son environnement PC, la plateforme SVSCF peut rapidement \u00eatre adapt\u00e9e pour offrir \u00e0 vos \u00e9quipes de d\u00e9veloppement et d\u2019essai une panoplie de ressources utiles aux essais, ce qui permet de pratiquement \u00e9liminer le probl\u00e8me de p\u00e9nurie de mat\u00e9riel pour les essais.<\/p>\n<p>Gr\u00e2ce \u00e0 l\u2019int\u00e9gration de l\u2019interface \u00e0 des produits de g\u00e9n\u00e9ration automatique de code comme MATLAB et SCADE, l\u2019interface est famili\u00e8re et les ing\u00e9nieurs charg\u00e9s des syst\u00e8mes et des essais sont rapidement op\u00e9rationnels avec SVSCF.<\/p>\n<p>D\u00e9velopper. G\u00e9n\u00e9rer. D\u00e9boguer. Simuler. Mettre \u00e0 l\u2019essai. Tout dans un m\u00eame environnement.<\/p>\n","protected":false},"excerpt":{"rendered":"<p>Notre technologie CLB Le syst\u00e8me de simulation en circuit ferm\u00e9 (SSCF) d\u2019Aviya est un banc d\u2019essai robuste, personnalisable et rentable id\u00e9al pour la conception de syst\u00e8mes a\u00e9rospatiaux. Le SSCF permet une simulation haute-fid\u00e9lit\u00e9 des divers syst\u00e8mes de votre a\u00e9ronef, en plus d\u2019offrir de multiples options pour l\u2019\u00e9laboration et l\u2019ex\u00e9cution de sc\u00e9narios d\u2019essais. Le simulateur temps [&hellip;]<\/p>\n","protected":false},"author":5,"featured_media":0,"parent":192,"menu_order":2,"comment_status":"closed","ping_status":"open","template":"","meta":{"footnotes":""},"acf":[],"yoast_head":"<!-- This site is optimized with the Yoast SEO plugin v21.7 - https:\/\/yoast.com\/wordpress\/plugins\/seo\/ -->\n<title>Notre technologie - Aviya<\/title>\n<meta name=\"robots\" content=\"index, follow, max-snippet:-1, max-image-preview:large, max-video-preview:-1\" \/>\n<link rel=\"canonical\" href=\"https:\/\/www.aviyatech.com\/fr\/notre-expertise\/notre-technologie\/\" \/>\n<meta property=\"og:locale\" content=\"fr_FR\" \/>\n<meta property=\"og:type\" content=\"article\" \/>\n<meta property=\"og:title\" content=\"Notre technologie - Aviya\" \/>\n<meta property=\"og:description\" content=\"Notre technologie CLB Le syst\u00e8me de simulation en circuit ferm\u00e9 (SSCF) d\u2019Aviya est un banc d\u2019essai robuste, personnalisable et rentable id\u00e9al pour la conception de syst\u00e8mes a\u00e9rospatiaux. Le SSCF permet une simulation haute-fid\u00e9lit\u00e9 des divers syst\u00e8mes de votre a\u00e9ronef, en plus d\u2019offrir de multiples options pour l\u2019\u00e9laboration et l\u2019ex\u00e9cution de sc\u00e9narios d\u2019essais. Le simulateur temps [&hellip;]\" \/>\n<meta property=\"og:url\" content=\"https:\/\/www.aviyatech.com\/fr\/notre-expertise\/notre-technologie\/\" \/>\n<meta property=\"og:site_name\" content=\"Aviya\" \/>\n<meta property=\"article:modified_time\" content=\"2024-05-08T03:53:38+00:00\" \/>\n<meta name=\"twitter:card\" content=\"summary_large_image\" \/>\n<meta name=\"twitter:label1\" content=\"Est. reading time\" \/>\n\t<meta name=\"twitter:data1\" content=\"3 minutes\" \/>\n<script type=\"application\/ld+json\" class=\"yoast-schema-graph\">{\"@context\":\"https:\/\/schema.org\",\"@graph\":[{\"@type\":\"WebPage\",\"@id\":\"https:\/\/www.aviyatech.com\/fr\/notre-expertise\/notre-technologie\/\",\"url\":\"https:\/\/www.aviyatech.com\/fr\/notre-expertise\/notre-technologie\/\",\"name\":\"Notre technologie - Aviya\",\"isPartOf\":{\"@id\":\"https:\/\/www.aviyatech.com\/fr\/#website\"},\"datePublished\":\"2014-10-17T00:21:10+00:00\",\"dateModified\":\"2024-05-08T03:53:38+00:00\",\"breadcrumb\":{\"@id\":\"https:\/\/www.aviyatech.com\/fr\/notre-expertise\/notre-technologie\/#breadcrumb\"},\"inLanguage\":\"fr-FR\",\"potentialAction\":[{\"@type\":\"ReadAction\",\"target\":[\"https:\/\/www.aviyatech.com\/fr\/notre-expertise\/notre-technologie\/\"]}]},{\"@type\":\"BreadcrumbList\",\"@id\":\"https:\/\/www.aviyatech.com\/fr\/notre-expertise\/notre-technologie\/#breadcrumb\",\"itemListElement\":[{\"@type\":\"ListItem\",\"position\":1,\"name\":\"Home\",\"item\":\"https:\/\/www.aviyatech.com\/fr\/accueil\/\"},{\"@type\":\"ListItem\",\"position\":2,\"name\":\"Notre expertise\",\"item\":\"https:\/\/www.aviyatech.com\/fr\/notre-expertise\/\"},{\"@type\":\"ListItem\",\"position\":3,\"name\":\"Notre technologie\"}]},{\"@type\":\"WebSite\",\"@id\":\"https:\/\/www.aviyatech.com\/fr\/#website\",\"url\":\"https:\/\/www.aviyatech.com\/fr\/\",\"name\":\"Aviya\",\"description\":\"\",\"publisher\":{\"@id\":\"https:\/\/www.aviyatech.com\/fr\/#organization\"},\"potentialAction\":[{\"@type\":\"SearchAction\",\"target\":{\"@type\":\"EntryPoint\",\"urlTemplate\":\"https:\/\/www.aviyatech.com\/fr\/?s={search_term_string}\"},\"query-input\":\"required name=search_term_string\"}],\"inLanguage\":\"fr-FR\"},{\"@type\":\"Organization\",\"@id\":\"https:\/\/www.aviyatech.com\/fr\/#organization\",\"name\":\"Aviya Aerospace Systems\",\"url\":\"https:\/\/www.aviyatech.com\/fr\/\",\"logo\":{\"@type\":\"ImageObject\",\"inLanguage\":\"fr-FR\",\"@id\":\"https:\/\/www.aviyatech.com\/fr\/#\/schema\/logo\/image\/\",\"url\":\"http:\/\/www.aviyatech.com\/wp-content\/uploads\/2014\/07\/logo_en.png\",\"contentUrl\":\"http:\/\/www.aviyatech.com\/wp-content\/uploads\/2014\/07\/logo_en.png\",\"width\":90,\"height\":84,\"caption\":\"Aviya Aerospace Systems\"},\"image\":{\"@id\":\"https:\/\/www.aviyatech.com\/fr\/#\/schema\/logo\/image\/\"},\"sameAs\":[\"https:\/\/www.linkedin.com\/company\/1026725\"]}]}<\/script>\n<!-- \/ Yoast SEO plugin. -->","yoast_head_json":{"title":"Notre technologie - Aviya","robots":{"index":"index","follow":"follow","max-snippet":"max-snippet:-1","max-image-preview":"max-image-preview:large","max-video-preview":"max-video-preview:-1"},"canonical":"https:\/\/www.aviyatech.com\/fr\/notre-expertise\/notre-technologie\/","og_locale":"fr_FR","og_type":"article","og_title":"Notre technologie - Aviya","og_description":"Notre technologie CLB Le syst\u00e8me de simulation en circuit ferm\u00e9 (SSCF) d\u2019Aviya est un banc d\u2019essai robuste, personnalisable et rentable id\u00e9al pour la conception de syst\u00e8mes a\u00e9rospatiaux. Le SSCF permet une simulation haute-fid\u00e9lit\u00e9 des divers syst\u00e8mes de votre a\u00e9ronef, en plus d\u2019offrir de multiples options pour l\u2019\u00e9laboration et l\u2019ex\u00e9cution de sc\u00e9narios d\u2019essais. Le simulateur temps [&hellip;]","og_url":"https:\/\/www.aviyatech.com\/fr\/notre-expertise\/notre-technologie\/","og_site_name":"Aviya","article_modified_time":"2024-05-08T03:53:38+00:00","twitter_card":"summary_large_image","twitter_misc":{"Est. reading time":"3 minutes"},"schema":{"@context":"https:\/\/schema.org","@graph":[{"@type":"WebPage","@id":"https:\/\/www.aviyatech.com\/fr\/notre-expertise\/notre-technologie\/","url":"https:\/\/www.aviyatech.com\/fr\/notre-expertise\/notre-technologie\/","name":"Notre technologie - Aviya","isPartOf":{"@id":"https:\/\/www.aviyatech.com\/fr\/#website"},"datePublished":"2014-10-17T00:21:10+00:00","dateModified":"2024-05-08T03:53:38+00:00","breadcrumb":{"@id":"https:\/\/www.aviyatech.com\/fr\/notre-expertise\/notre-technologie\/#breadcrumb"},"inLanguage":"fr-FR","potentialAction":[{"@type":"ReadAction","target":["https:\/\/www.aviyatech.com\/fr\/notre-expertise\/notre-technologie\/"]}]},{"@type":"BreadcrumbList","@id":"https:\/\/www.aviyatech.com\/fr\/notre-expertise\/notre-technologie\/#breadcrumb","itemListElement":[{"@type":"ListItem","position":1,"name":"Home","item":"https:\/\/www.aviyatech.com\/fr\/accueil\/"},{"@type":"ListItem","position":2,"name":"Notre expertise","item":"https:\/\/www.aviyatech.com\/fr\/notre-expertise\/"},{"@type":"ListItem","position":3,"name":"Notre technologie"}]},{"@type":"WebSite","@id":"https:\/\/www.aviyatech.com\/fr\/#website","url":"https:\/\/www.aviyatech.com\/fr\/","name":"Aviya","description":"","publisher":{"@id":"https:\/\/www.aviyatech.com\/fr\/#organization"},"potentialAction":[{"@type":"SearchAction","target":{"@type":"EntryPoint","urlTemplate":"https:\/\/www.aviyatech.com\/fr\/?s={search_term_string}"},"query-input":"required name=search_term_string"}],"inLanguage":"fr-FR"},{"@type":"Organization","@id":"https:\/\/www.aviyatech.com\/fr\/#organization","name":"Aviya Aerospace Systems","url":"https:\/\/www.aviyatech.com\/fr\/","logo":{"@type":"ImageObject","inLanguage":"fr-FR","@id":"https:\/\/www.aviyatech.com\/fr\/#\/schema\/logo\/image\/","url":"http:\/\/www.aviyatech.com\/wp-content\/uploads\/2014\/07\/logo_en.png","contentUrl":"http:\/\/www.aviyatech.com\/wp-content\/uploads\/2014\/07\/logo_en.png","width":90,"height":84,"caption":"Aviya Aerospace Systems"},"image":{"@id":"https:\/\/www.aviyatech.com\/fr\/#\/schema\/logo\/image\/"},"sameAs":["https:\/\/www.linkedin.com\/company\/1026725"]}]}},"_links":{"self":[{"href":"https:\/\/www.aviyatech.com\/fr\/wp-json\/wp\/v2\/pages\/185"}],"collection":[{"href":"https:\/\/www.aviyatech.com\/fr\/wp-json\/wp\/v2\/pages"}],"about":[{"href":"https:\/\/www.aviyatech.com\/fr\/wp-json\/wp\/v2\/types\/page"}],"author":[{"embeddable":true,"href":"https:\/\/www.aviyatech.com\/fr\/wp-json\/wp\/v2\/users\/5"}],"replies":[{"embeddable":true,"href":"https:\/\/www.aviyatech.com\/fr\/wp-json\/wp\/v2\/comments?post=185"}],"version-history":[{"count":8,"href":"https:\/\/www.aviyatech.com\/fr\/wp-json\/wp\/v2\/pages\/185\/revisions"}],"predecessor-version":[{"id":2328,"href":"https:\/\/www.aviyatech.com\/fr\/wp-json\/wp\/v2\/pages\/185\/revisions\/2328"}],"up":[{"embeddable":true,"href":"https:\/\/www.aviyatech.com\/fr\/wp-json\/wp\/v2\/pages\/192"}],"wp:attachment":[{"href":"https:\/\/www.aviyatech.com\/fr\/wp-json\/wp\/v2\/media?parent=185"}],"curies":[{"name":"wp","href":"https:\/\/api.w.org\/{rel}","templated":true}]}}