{"id":180,"date":"2014-10-16T19:57:51","date_gmt":"2014-10-16T19:57:51","guid":{"rendered":"https:\/\/www.aviyatech.com\/?page_id=180"},"modified":"2015-02-18T06:36:03","modified_gmt":"2015-02-18T06:36:03","slug":"lhistoire-daviya","status":"publish","type":"page","link":"https:\/\/www.aviyatech.com\/fr\/lentreprise\/lhistoire-daviya\/","title":{"rendered":"L\u2019histoire d\u2019Aviya"},"content":{"rendered":"<h1>L\u2019histoire d\u2019Aviya<\/h1>\n<p>Aviya a \u00e9t\u00e9 cr\u00e9\u00e9e en\u00a02000 par un petit groupe d\u2019ing\u00e9nieurs en a\u00e9rospatial chevronn\u00e9s d\u00e9cid\u00e9s \u00e0 offrir des solutions et des services personnalis\u00e9s dans le secteur de l\u2019a\u00e9rospatial. Il \u00e9tait clair au d\u00e9part que nous voulions cr\u00e9er une entreprise suffisamment l\u00e9g\u00e8re et souple pour r\u00e9pondre aux exigences de chaque client, au fait de l\u2019intelligence et de l\u2019ing\u00e9niosit\u00e9 de pointe de l\u2019industrie. <em>\u00a0\u00a0<\/em><\/p>\n<p>Nous sommes rest\u00e9s fid\u00e8les \u00e0 cette vision, ce qui a permis \u00e0 notre entreprise d\u2019enregistrer une croissance soutenue et de devenir le fournisseur de premier choix de bon nombre des plus prestigieuses soci\u00e9t\u00e9s canadiennes et \u00e9trang\u00e8res du secteur de l\u2019a\u00e9rospatial. En cours de route, nous avons conclu des partenariats strat\u00e9giques avec des fournisseurs de technologie sp\u00e9cialis\u00e9e qui repr\u00e9sentent une valeur ajout\u00e9e pour nos clients.<\/p>\n<p>Depuis notre si\u00e8ge social de Mississauga, en Ontario, nous avons ouvert un site d\u2019ing\u00e9nierie \u00e0 Longueuil, Qu\u00e9bec, en\u00a02007, et un autre au Connecticut, en\u00a02013. Sur ces sites, nous d\u00e9veloppons tous les aspects d\u2019un syst\u00e8me a\u00e9rospatial, depuis la sp\u00e9cification jusqu\u2019\u00e0 la certification.<\/p>\n<p><strong>\u00a0<\/strong><\/p>\n","protected":false},"excerpt":{"rendered":"<p>L\u2019histoire d\u2019Aviya Aviya a \u00e9t\u00e9 cr\u00e9\u00e9e en\u00a02000 par un petit groupe d\u2019ing\u00e9nieurs en a\u00e9rospatial chevronn\u00e9s d\u00e9cid\u00e9s \u00e0 offrir des solutions et des services personnalis\u00e9s dans le secteur de l\u2019a\u00e9rospatial. Il \u00e9tait clair au d\u00e9part que nous voulions cr\u00e9er une entreprise suffisamment l\u00e9g\u00e8re et souple pour r\u00e9pondre aux exigences de chaque client, au fait de l\u2019intelligence [&hellip;]<\/p>\n","protected":false},"author":5,"featured_media":0,"parent":175,"menu_order":3,"comment_status":"open","ping_status":"open","template":"","meta":{"footnotes":""},"acf":[],"yoast_head":"<!-- This site is optimized with the Yoast SEO plugin v21.7 - https:\/\/yoast.com\/wordpress\/plugins\/seo\/ -->\n<title>L\u2019histoire d\u2019Aviya - Aviya<\/title>\n<meta name=\"robots\" content=\"index, follow, max-snippet:-1, max-image-preview:large, max-video-preview:-1\" \/>\n<link rel=\"canonical\" href=\"https:\/\/www.aviyatech.com\/fr\/lentreprise\/lhistoire-daviya\/\" \/>\n<meta property=\"og:locale\" content=\"fr_FR\" \/>\n<meta property=\"og:type\" content=\"article\" \/>\n<meta property=\"og:title\" content=\"L\u2019histoire d\u2019Aviya - Aviya\" \/>\n<meta property=\"og:description\" content=\"L\u2019histoire d\u2019Aviya Aviya a \u00e9t\u00e9 cr\u00e9\u00e9e en\u00a02000 par un petit groupe d\u2019ing\u00e9nieurs en a\u00e9rospatial chevronn\u00e9s d\u00e9cid\u00e9s \u00e0 offrir des solutions et des services personnalis\u00e9s dans le secteur de l\u2019a\u00e9rospatial. Il \u00e9tait clair au d\u00e9part que nous voulions cr\u00e9er une entreprise suffisamment l\u00e9g\u00e8re et souple pour r\u00e9pondre aux exigences de chaque client, au fait de l\u2019intelligence [&hellip;]\" \/>\n<meta property=\"og:url\" content=\"https:\/\/www.aviyatech.com\/fr\/lentreprise\/lhistoire-daviya\/\" \/>\n<meta property=\"og:site_name\" content=\"Aviya\" \/>\n<meta property=\"article:modified_time\" content=\"2015-02-18T06:36:03+00:00\" \/>\n<meta name=\"twitter:card\" content=\"summary_large_image\" \/>\n<meta name=\"twitter:label1\" content=\"Est. reading time\" \/>\n\t<meta name=\"twitter:data1\" content=\"1 minute\" \/>\n<script type=\"application\/ld+json\" class=\"yoast-schema-graph\">{\"@context\":\"https:\/\/schema.org\",\"@graph\":[{\"@type\":\"WebPage\",\"@id\":\"https:\/\/www.aviyatech.com\/fr\/lentreprise\/lhistoire-daviya\/\",\"url\":\"https:\/\/www.aviyatech.com\/fr\/lentreprise\/lhistoire-daviya\/\",\"name\":\"L\u2019histoire d\u2019Aviya - Aviya\",\"isPartOf\":{\"@id\":\"https:\/\/www.aviyatech.com\/fr\/#website\"},\"datePublished\":\"2014-10-16T19:57:51+00:00\",\"dateModified\":\"2015-02-18T06:36:03+00:00\",\"breadcrumb\":{\"@id\":\"https:\/\/www.aviyatech.com\/fr\/lentreprise\/lhistoire-daviya\/#breadcrumb\"},\"inLanguage\":\"fr-FR\",\"potentialAction\":[{\"@type\":\"ReadAction\",\"target\":[\"https:\/\/www.aviyatech.com\/fr\/lentreprise\/lhistoire-daviya\/\"]}]},{\"@type\":\"BreadcrumbList\",\"@id\":\"https:\/\/www.aviyatech.com\/fr\/lentreprise\/lhistoire-daviya\/#breadcrumb\",\"itemListElement\":[{\"@type\":\"ListItem\",\"position\":1,\"name\":\"Home\",\"item\":\"https:\/\/www.aviyatech.com\/fr\/accueil\/\"},{\"@type\":\"ListItem\",\"position\":2,\"name\":\"L&rsquo;entreprise\",\"item\":\"https:\/\/www.aviyatech.com\/fr\/lentreprise\/\"},{\"@type\":\"ListItem\",\"position\":3,\"name\":\"L\u2019histoire d\u2019Aviya\"}]},{\"@type\":\"WebSite\",\"@id\":\"https:\/\/www.aviyatech.com\/fr\/#website\",\"url\":\"https:\/\/www.aviyatech.com\/fr\/\",\"name\":\"Aviya\",\"description\":\"\",\"publisher\":{\"@id\":\"https:\/\/www.aviyatech.com\/fr\/#organization\"},\"potentialAction\":[{\"@type\":\"SearchAction\",\"target\":{\"@type\":\"EntryPoint\",\"urlTemplate\":\"https:\/\/www.aviyatech.com\/fr\/?s={search_term_string}\"},\"query-input\":\"required name=search_term_string\"}],\"inLanguage\":\"fr-FR\"},{\"@type\":\"Organization\",\"@id\":\"https:\/\/www.aviyatech.com\/fr\/#organization\",\"name\":\"Aviya Aerospace Systems\",\"url\":\"https:\/\/www.aviyatech.com\/fr\/\",\"logo\":{\"@type\":\"ImageObject\",\"inLanguage\":\"fr-FR\",\"@id\":\"https:\/\/www.aviyatech.com\/fr\/#\/schema\/logo\/image\/\",\"url\":\"http:\/\/www.aviyatech.com\/wp-content\/uploads\/2014\/07\/logo_en.png\",\"contentUrl\":\"http:\/\/www.aviyatech.com\/wp-content\/uploads\/2014\/07\/logo_en.png\",\"width\":90,\"height\":84,\"caption\":\"Aviya Aerospace Systems\"},\"image\":{\"@id\":\"https:\/\/www.aviyatech.com\/fr\/#\/schema\/logo\/image\/\"},\"sameAs\":[\"https:\/\/www.linkedin.com\/company\/1026725\"]}]}<\/script>\n<!-- \/ Yoast SEO plugin. -->","yoast_head_json":{"title":"L\u2019histoire d\u2019Aviya - Aviya","robots":{"index":"index","follow":"follow","max-snippet":"max-snippet:-1","max-image-preview":"max-image-preview:large","max-video-preview":"max-video-preview:-1"},"canonical":"https:\/\/www.aviyatech.com\/fr\/lentreprise\/lhistoire-daviya\/","og_locale":"fr_FR","og_type":"article","og_title":"L\u2019histoire d\u2019Aviya - Aviya","og_description":"L\u2019histoire d\u2019Aviya Aviya a \u00e9t\u00e9 cr\u00e9\u00e9e en\u00a02000 par un petit groupe d\u2019ing\u00e9nieurs en a\u00e9rospatial chevronn\u00e9s d\u00e9cid\u00e9s \u00e0 offrir des solutions et des services personnalis\u00e9s dans le secteur de l\u2019a\u00e9rospatial. Il \u00e9tait clair au d\u00e9part que nous voulions cr\u00e9er une entreprise suffisamment l\u00e9g\u00e8re et souple pour r\u00e9pondre aux exigences de chaque client, au fait de l\u2019intelligence [&hellip;]","og_url":"https:\/\/www.aviyatech.com\/fr\/lentreprise\/lhistoire-daviya\/","og_site_name":"Aviya","article_modified_time":"2015-02-18T06:36:03+00:00","twitter_card":"summary_large_image","twitter_misc":{"Est. reading time":"1 minute"},"schema":{"@context":"https:\/\/schema.org","@graph":[{"@type":"WebPage","@id":"https:\/\/www.aviyatech.com\/fr\/lentreprise\/lhistoire-daviya\/","url":"https:\/\/www.aviyatech.com\/fr\/lentreprise\/lhistoire-daviya\/","name":"L\u2019histoire d\u2019Aviya - Aviya","isPartOf":{"@id":"https:\/\/www.aviyatech.com\/fr\/#website"},"datePublished":"2014-10-16T19:57:51+00:00","dateModified":"2015-02-18T06:36:03+00:00","breadcrumb":{"@id":"https:\/\/www.aviyatech.com\/fr\/lentreprise\/lhistoire-daviya\/#breadcrumb"},"inLanguage":"fr-FR","potentialAction":[{"@type":"ReadAction","target":["https:\/\/www.aviyatech.com\/fr\/lentreprise\/lhistoire-daviya\/"]}]},{"@type":"BreadcrumbList","@id":"https:\/\/www.aviyatech.com\/fr\/lentreprise\/lhistoire-daviya\/#breadcrumb","itemListElement":[{"@type":"ListItem","position":1,"name":"Home","item":"https:\/\/www.aviyatech.com\/fr\/accueil\/"},{"@type":"ListItem","position":2,"name":"L&rsquo;entreprise","item":"https:\/\/www.aviyatech.com\/fr\/lentreprise\/"},{"@type":"ListItem","position":3,"name":"L\u2019histoire d\u2019Aviya"}]},{"@type":"WebSite","@id":"https:\/\/www.aviyatech.com\/fr\/#website","url":"https:\/\/www.aviyatech.com\/fr\/","name":"Aviya","description":"","publisher":{"@id":"https:\/\/www.aviyatech.com\/fr\/#organization"},"potentialAction":[{"@type":"SearchAction","target":{"@type":"EntryPoint","urlTemplate":"https:\/\/www.aviyatech.com\/fr\/?s={search_term_string}"},"query-input":"required name=search_term_string"}],"inLanguage":"fr-FR"},{"@type":"Organization","@id":"https:\/\/www.aviyatech.com\/fr\/#organization","name":"Aviya Aerospace Systems","url":"https:\/\/www.aviyatech.com\/fr\/","logo":{"@type":"ImageObject","inLanguage":"fr-FR","@id":"https:\/\/www.aviyatech.com\/fr\/#\/schema\/logo\/image\/","url":"http:\/\/www.aviyatech.com\/wp-content\/uploads\/2014\/07\/logo_en.png","contentUrl":"http:\/\/www.aviyatech.com\/wp-content\/uploads\/2014\/07\/logo_en.png","width":90,"height":84,"caption":"Aviya Aerospace Systems"},"image":{"@id":"https:\/\/www.aviyatech.com\/fr\/#\/schema\/logo\/image\/"},"sameAs":["https:\/\/www.linkedin.com\/company\/1026725"]}]}},"_links":{"self":[{"href":"https:\/\/www.aviyatech.com\/fr\/wp-json\/wp\/v2\/pages\/180"}],"collection":[{"href":"https:\/\/www.aviyatech.com\/fr\/wp-json\/wp\/v2\/pages"}],"about":[{"href":"https:\/\/www.aviyatech.com\/fr\/wp-json\/wp\/v2\/types\/page"}],"author":[{"embeddable":true,"href":"https:\/\/www.aviyatech.com\/fr\/wp-json\/wp\/v2\/users\/5"}],"replies":[{"embeddable":true,"href":"https:\/\/www.aviyatech.com\/fr\/wp-json\/wp\/v2\/comments?post=180"}],"version-history":[{"count":4,"href":"https:\/\/www.aviyatech.com\/fr\/wp-json\/wp\/v2\/pages\/180\/revisions"}],"predecessor-version":[{"id":433,"href":"https:\/\/www.aviyatech.com\/fr\/wp-json\/wp\/v2\/pages\/180\/revisions\/433"}],"up":[{"embeddable":true,"href":"https:\/\/www.aviyatech.com\/fr\/wp-json\/wp\/v2\/pages\/175"}],"wp:attachment":[{"href":"https:\/\/www.aviyatech.com\/fr\/wp-json\/wp\/v2\/media?parent=180"}],"curies":[{"name":"wp","href":"https:\/\/api.w.org\/{rel}","templated":true}]}}