{"id":178,"date":"2014-07-16T00:08:14","date_gmt":"2014-07-16T04:08:14","guid":{"rendered":"https:\/\/www.aviyatech.com\/?page_id=178"},"modified":"2024-06-27T11:17:58","modified_gmt":"2024-06-27T15:17:58","slug":"equipe-de-direction","status":"publish","type":"page","link":"https:\/\/www.aviyatech.com\/fr\/lentreprise\/equipe-de-direction\/","title":{"rendered":"\u00c9quipe de direction"},"content":{"rendered":"<h1>\u00c9quipe de direction<\/h1>\n<p>Chez Aviya, nous sommes fiers de l\u2019horizontalit\u00e9 de notre structure organisationnelle. L\u2019entreprise est dirig\u00e9e par une petite \u00e9quipe dynamique compos\u00e9e de professionnels chevronn\u00e9s de l\u2019industrie a\u00e9ronautique.<\/p>\n<p>Pour en savoir plus sur les comp\u00e9tences et les r\u00e9alisations des membres de notre \u00e9quipe, rendez-vous sur <a href=\"http:\/\/www.linkedin.com\/company\/aviya-technologies-inc\">LinkedIn<\/a>.<\/p>\n<h3>John Koumoundouros \u2013 Directeur G\u00e9n\u00e9ral<\/h3>\n<p><img loading=\"lazy\" decoding=\"async\" class=\"alignleft wp-image-511 size-thumbnail\" src=\"https:\/\/www.aviyatech.com\/wp-content\/uploads\/2015\/02\/JohnKoumoundouros-150x150.jpg\" alt=\"John Koumoundouros\" width=\"150\" height=\"150\" srcset=\"https:\/\/www.aviyatech.com\/wp-content\/uploads\/2015\/02\/JohnKoumoundouros-150x150.jpg 150w, https:\/\/www.aviyatech.com\/wp-content\/uploads\/2015\/02\/JohnKoumoundouros-300x300.jpg 300w, https:\/\/www.aviyatech.com\/wp-content\/uploads\/2015\/02\/JohnKoumoundouros-66x66.jpg 66w, https:\/\/www.aviyatech.com\/wp-content\/uploads\/2015\/02\/JohnKoumoundouros.jpg 420w\" sizes=\"(max-width: 150px) 100vw, 150px\" \/>John met ses 25\u00a0ann\u00e9es d\u2019exp\u00e9rience en g\u00e9nie a\u00e9rospatial, en gestion de programmes et en vente au service de la direction d\u2019Aviya. Il travaille en \u00e9troite collaboration avec l\u2019\u00e9quipe de direction de l\u2019entreprise pour \u00e9tablir l\u2019orientation de toutes les strat\u00e9gies et de tous les programmes des partenaires et des clients. L\u2019atout principal de John est sa capacit\u00e9 manifeste \u00e0 d\u00e9ployer des plans strat\u00e9giques et des projets coop\u00e9ratifs.<\/p>\n<p>John a pour but de faire progresser l\u2019entreprise, c\u2019est-\u00e0-dire de la diriger sur le chemin de la r\u00e9ussite et de la croissance, et de la maintenir \u00e0 la fine pointe de la technologie. Il veut \u00e9galement que les employ\u00e9s se sentent fiers d\u2019\u00e9voluer dans un environnement novateur offrant des services exemplaires \u00e0 sa client\u00e8le.<\/p>\n<p>John est un passionn\u00e9 de l\u2019industrie a\u00e9rospatiale, ce qui est \u00e0 l\u2019origine d\u2019une culture d\u2019entreprise qui met la barre tr\u00e8s haut au sein de l\u2019industrie pour ce qui est de la satisfaction globale des employ\u00e9s et de la confiance de la client\u00e8le.<\/p>\n<h3>Louis Brown \u2013 Pr\u00e9sident et Directeur de l\u2019exploitation<\/h3>\n<p><img loading=\"lazy\" decoding=\"async\" class=\"alignleft wp-image-513 size-thumbnail\" src=\"https:\/\/www.aviyatech.com\/wp-content\/uploads\/2015\/02\/LouisBrown-150x150.jpg\" alt=\"Louis Brown\" width=\"150\" height=\"150\" srcset=\"https:\/\/www.aviyatech.com\/wp-content\/uploads\/2015\/02\/LouisBrown-150x150.jpg 150w, https:\/\/www.aviyatech.com\/wp-content\/uploads\/2015\/02\/LouisBrown-300x300.jpg 300w, https:\/\/www.aviyatech.com\/wp-content\/uploads\/2015\/02\/LouisBrown-66x66.jpg 66w, https:\/\/www.aviyatech.com\/wp-content\/uploads\/2015\/02\/LouisBrown.jpg 420w\" sizes=\"(max-width: 150px) 100vw, 150px\" \/>Louis s\u2019occupe de la coordination des infrastructures et des syst\u00e8mes de gestion qui permettent \u00e0 Aviya de prosp\u00e9rer et d\u2019exploiter au mieux cette p\u00e9riode de croissance. Il est responsable de l\u2019exploitation de la soci\u00e9t\u00e9, y compris de la planification de la croissance des ventes\u00e0 court et \u00e0 long terme, de la rentabilit\u00e9 et la gestion du fonds de roulement.<\/p>\n<p>Louis est entr\u00e9 au service d\u2019Aviya apr\u00e8s un s\u00e9jour chez Honeywell o\u00f9, tout au long d\u2019une carri\u00e8re s\u2019\u00e9chelonnant sur 17\u00a0ans, il a occup\u00e9 d\u2019importants postes de responsabilit\u00e9, dont ceux de contr\u00f4leur, de directeur de l\u2019exploitation et enfin de directeur g\u00e9n\u00e9ral du groupe de l\u2019A\u00e9rospatiale de Honeywell \u00e0 Mississauga, en Ontario.<\/p>\n<h3>Billings Chan \u2013 Directeur de la technologie<\/h3>\n<p><img loading=\"lazy\" decoding=\"async\" class=\"alignleft wp-image-517 size-thumbnail\" src=\"https:\/\/www.aviyatech.com\/wp-content\/uploads\/2015\/02\/BillingsChan-150x150.jpg\" alt=\"Billings Chan\" width=\"150\" height=\"150\" srcset=\"https:\/\/www.aviyatech.com\/wp-content\/uploads\/2015\/02\/BillingsChan-150x150.jpg 150w, https:\/\/www.aviyatech.com\/wp-content\/uploads\/2015\/02\/BillingsChan-300x300.jpg 300w, https:\/\/www.aviyatech.com\/wp-content\/uploads\/2015\/02\/BillingsChan-66x66.jpg 66w, https:\/\/www.aviyatech.com\/wp-content\/uploads\/2015\/02\/BillingsChan.jpg 420w\" sizes=\"(max-width: 150px) 100vw, 150px\" \/>Billings est charg\u00e9 d\u2019\u00e9laborer et de mettre en \u0153uvre les strat\u00e9gies techniques qui assurent notre avantage concurrentiel dans le secteur du g\u00e9nie a\u00e9rospatial. Il met \u00e0 profit son exp\u00e9rience de l\u2019industrie et sa vision \u00e0 long terme pour s\u2019assurer que nos produits et processus \u00e9voluent au m\u00eame rythme que les besoins de nos clients et du march\u00e9.<\/p>\n<p>Billings poss\u00e8de une vaste exp\u00e9rience en conception de syst\u00e8mes informatiques et en g\u00e9nie logiciel en plus d\u2019\u00eatre un expert reconnu dans le domaine de la validation et de la v\u00e9rification de logiciels.<\/p>\n<p>Il est charg\u00e9 d\u2019\u00e9tablir les normes techniques et de faire en sorte qu\u2019elles soient respect\u00e9es tant par Aviya que par ses sous-traitants.<\/p>\n<h3>Joseph Sum \u2013 Vice-pr\u00e9sident, Syst\u00e8mes de prochaine g\u00e9n\u00e9ration<\/h3>\n<p><img loading=\"lazy\" decoding=\"async\" class=\"alignleft wp-image-512 size-thumbnail\" src=\"https:\/\/www.aviyatech.com\/wp-content\/uploads\/2015\/02\/JosephSum-150x150.jpg\" alt=\"Joseph Sum\" width=\"150\" height=\"150\" srcset=\"https:\/\/www.aviyatech.com\/wp-content\/uploads\/2015\/02\/JosephSum-150x150.jpg 150w, https:\/\/www.aviyatech.com\/wp-content\/uploads\/2015\/02\/JosephSum-300x300.jpg 300w, https:\/\/www.aviyatech.com\/wp-content\/uploads\/2015\/02\/JosephSum-66x66.jpg 66w, https:\/\/www.aviyatech.com\/wp-content\/uploads\/2015\/02\/JosephSum.jpg 420w\" sizes=\"(max-width: 150px) 100vw, 150px\" \/>Joseph est un expert en planification des ressources et en gestion de projet, \u00e0 ce titre, il est un interm\u00e9diaire efficace entre l\u2019\u00e9quipe de gestion d\u2019Aviya, nos sous-traitants et l\u2019ensemble de nos clients. Il affiche un excellent dossier en mati\u00e8re de respect du budget, des \u00e9ch\u00e9ances et de la livraison dans les d\u00e9lais pr\u00e9vus.<\/p>\n<p>Joseph est charg\u00e9 de maintenir nos projets sur leur lanc\u00e9e et de soutenir la croissance op\u00e9rationnelle. Il met en \u0153uvre des processus formels de soutien \u00e0 la conception, \u00e0 la d\u00e9finition et \u00e0 la documentation de produits, en plus de superviser les ressources techniques et le d\u00e9veloppement.<\/p>\n<h3>Baktash Hamzehloo \u2013\u00a0Vice-pr\u00e9sident, Ing\u00e9nierie<\/h3>\n<p><img loading=\"lazy\" decoding=\"async\" class=\"alignleft wp-image-515 size-thumbnail\" src=\"https:\/\/www.aviyatech.com\/wp-content\/uploads\/2015\/02\/BaktashHamzehloo-150x150.jpg\" alt=\"Baktash Hamzehloo\" width=\"150\" height=\"150\" srcset=\"https:\/\/www.aviyatech.com\/wp-content\/uploads\/2015\/02\/BaktashHamzehloo-150x150.jpg 150w, https:\/\/www.aviyatech.com\/wp-content\/uploads\/2015\/02\/BaktashHamzehloo-300x300.jpg 300w, https:\/\/www.aviyatech.com\/wp-content\/uploads\/2015\/02\/BaktashHamzehloo-66x66.jpg 66w, https:\/\/www.aviyatech.com\/wp-content\/uploads\/2015\/02\/BaktashHamzehloo.jpg 420w\" sizes=\"(max-width: 150px) 100vw, 150px\" \/>Baktash dirige les activit\u00e9s quotidiennes des \u00e9quipes d\u2019Aviya qui travaillent aux contr\u00f4les, \u00e0 la mod\u00e9lisation, \u00e0 la simulation, \u00e0 la dynamique des fluides et aux essais. Il est responsable des fonctions d\u2019ing\u00e9nierie internes et externes et, \u00e0 ce titre, il supervise directement un groupe de plus de 100\u00a0ing\u00e9nieurs syst\u00e8me.<\/p>\n<p>Baktash joue un r\u00f4le actif au sein du r\u00e9seau des universit\u00e9s canadiennes afin de guider les futurs ing\u00e9nieurs qui aspirent \u00e0 une carri\u00e8re en a\u00e9rospatiale. C\u2019est un membre actif du Comit\u00e9 consultatif du d\u00e9partement de g\u00e9nie \u00e9lectrique et informatique de l\u2019Universit\u00e9 Concordia.<\/p>\n","protected":false},"excerpt":{"rendered":"<p>\u00c9quipe de direction Chez Aviya, nous sommes fiers de l\u2019horizontalit\u00e9 de notre structure organisationnelle. L\u2019entreprise est dirig\u00e9e par une petite \u00e9quipe dynamique compos\u00e9e de professionnels chevronn\u00e9s de l\u2019industrie a\u00e9ronautique. Pour en savoir plus sur les comp\u00e9tences et les r\u00e9alisations des membres de notre \u00e9quipe, rendez-vous sur LinkedIn. John Koumoundouros \u2013 Directeur G\u00e9n\u00e9ral John met ses [&hellip;]<\/p>\n","protected":false},"author":5,"featured_media":0,"parent":175,"menu_order":2,"comment_status":"open","ping_status":"closed","template":"","meta":{"footnotes":""},"acf":[],"yoast_head":"<!-- This site is optimized with the Yoast SEO plugin v21.7 - https:\/\/yoast.com\/wordpress\/plugins\/seo\/ -->\n<title>\u00c9quipe de direction - Aviya<\/title>\n<meta name=\"robots\" content=\"index, follow, max-snippet:-1, max-image-preview:large, max-video-preview:-1\" \/>\n<link rel=\"canonical\" href=\"https:\/\/www.aviyatech.com\/fr\/lentreprise\/equipe-de-direction\/\" \/>\n<meta property=\"og:locale\" content=\"fr_FR\" \/>\n<meta property=\"og:type\" content=\"article\" \/>\n<meta property=\"og:title\" content=\"\u00c9quipe de direction - Aviya\" \/>\n<meta property=\"og:description\" content=\"\u00c9quipe de direction Chez Aviya, nous sommes fiers de l\u2019horizontalit\u00e9 de notre structure organisationnelle. L\u2019entreprise est dirig\u00e9e par une petite \u00e9quipe dynamique compos\u00e9e de professionnels chevronn\u00e9s de l\u2019industrie a\u00e9ronautique. Pour en savoir plus sur les comp\u00e9tences et les r\u00e9alisations des membres de notre \u00e9quipe, rendez-vous sur LinkedIn. John Koumoundouros \u2013 Directeur G\u00e9n\u00e9ral John met ses [&hellip;]\" \/>\n<meta property=\"og:url\" content=\"https:\/\/www.aviyatech.com\/fr\/lentreprise\/equipe-de-direction\/\" \/>\n<meta property=\"og:site_name\" content=\"Aviya\" \/>\n<meta property=\"article:modified_time\" content=\"2024-06-27T15:17:58+00:00\" \/>\n<meta property=\"og:image\" content=\"https:\/\/www.aviyatech.com\/wp-content\/uploads\/2015\/02\/JohnKoumoundouros-150x150.jpg\" \/>\n<meta name=\"twitter:card\" content=\"summary_large_image\" \/>\n<meta name=\"twitter:label1\" content=\"Est. reading time\" \/>\n\t<meta name=\"twitter:data1\" content=\"4 minutes\" \/>\n<script type=\"application\/ld+json\" class=\"yoast-schema-graph\">{\"@context\":\"https:\/\/schema.org\",\"@graph\":[{\"@type\":\"WebPage\",\"@id\":\"https:\/\/www.aviyatech.com\/fr\/lentreprise\/equipe-de-direction\/\",\"url\":\"https:\/\/www.aviyatech.com\/fr\/lentreprise\/equipe-de-direction\/\",\"name\":\"\u00c9quipe de direction - Aviya\",\"isPartOf\":{\"@id\":\"https:\/\/www.aviyatech.com\/fr\/#website\"},\"datePublished\":\"2014-07-16T04:08:14+00:00\",\"dateModified\":\"2024-06-27T15:17:58+00:00\",\"breadcrumb\":{\"@id\":\"https:\/\/www.aviyatech.com\/fr\/lentreprise\/equipe-de-direction\/#breadcrumb\"},\"inLanguage\":\"fr-FR\",\"potentialAction\":[{\"@type\":\"ReadAction\",\"target\":[\"https:\/\/www.aviyatech.com\/fr\/lentreprise\/equipe-de-direction\/\"]}]},{\"@type\":\"BreadcrumbList\",\"@id\":\"https:\/\/www.aviyatech.com\/fr\/lentreprise\/equipe-de-direction\/#breadcrumb\",\"itemListElement\":[{\"@type\":\"ListItem\",\"position\":1,\"name\":\"Home\",\"item\":\"https:\/\/www.aviyatech.com\/fr\/accueil\/\"},{\"@type\":\"ListItem\",\"position\":2,\"name\":\"L&rsquo;entreprise\",\"item\":\"https:\/\/www.aviyatech.com\/fr\/lentreprise\/\"},{\"@type\":\"ListItem\",\"position\":3,\"name\":\"\u00c9quipe de direction\"}]},{\"@type\":\"WebSite\",\"@id\":\"https:\/\/www.aviyatech.com\/fr\/#website\",\"url\":\"https:\/\/www.aviyatech.com\/fr\/\",\"name\":\"Aviya\",\"description\":\"\",\"publisher\":{\"@id\":\"https:\/\/www.aviyatech.com\/fr\/#organization\"},\"potentialAction\":[{\"@type\":\"SearchAction\",\"target\":{\"@type\":\"EntryPoint\",\"urlTemplate\":\"https:\/\/www.aviyatech.com\/fr\/?s={search_term_string}\"},\"query-input\":\"required name=search_term_string\"}],\"inLanguage\":\"fr-FR\"},{\"@type\":\"Organization\",\"@id\":\"https:\/\/www.aviyatech.com\/fr\/#organization\",\"name\":\"Aviya Aerospace Systems\",\"url\":\"https:\/\/www.aviyatech.com\/fr\/\",\"logo\":{\"@type\":\"ImageObject\",\"inLanguage\":\"fr-FR\",\"@id\":\"https:\/\/www.aviyatech.com\/fr\/#\/schema\/logo\/image\/\",\"url\":\"http:\/\/www.aviyatech.com\/wp-content\/uploads\/2014\/07\/logo_en.png\",\"contentUrl\":\"http:\/\/www.aviyatech.com\/wp-content\/uploads\/2014\/07\/logo_en.png\",\"width\":90,\"height\":84,\"caption\":\"Aviya Aerospace Systems\"},\"image\":{\"@id\":\"https:\/\/www.aviyatech.com\/fr\/#\/schema\/logo\/image\/\"},\"sameAs\":[\"https:\/\/www.linkedin.com\/company\/1026725\"]}]}<\/script>\n<!-- \/ Yoast SEO plugin. -->","yoast_head_json":{"title":"\u00c9quipe de direction - Aviya","robots":{"index":"index","follow":"follow","max-snippet":"max-snippet:-1","max-image-preview":"max-image-preview:large","max-video-preview":"max-video-preview:-1"},"canonical":"https:\/\/www.aviyatech.com\/fr\/lentreprise\/equipe-de-direction\/","og_locale":"fr_FR","og_type":"article","og_title":"\u00c9quipe de direction - Aviya","og_description":"\u00c9quipe de direction Chez Aviya, nous sommes fiers de l\u2019horizontalit\u00e9 de notre structure organisationnelle. L\u2019entreprise est dirig\u00e9e par une petite \u00e9quipe dynamique compos\u00e9e de professionnels chevronn\u00e9s de l\u2019industrie a\u00e9ronautique. Pour en savoir plus sur les comp\u00e9tences et les r\u00e9alisations des membres de notre \u00e9quipe, rendez-vous sur LinkedIn. John Koumoundouros \u2013 Directeur G\u00e9n\u00e9ral John met ses [&hellip;]","og_url":"https:\/\/www.aviyatech.com\/fr\/lentreprise\/equipe-de-direction\/","og_site_name":"Aviya","article_modified_time":"2024-06-27T15:17:58+00:00","og_image":[{"url":"https:\/\/www.aviyatech.com\/wp-content\/uploads\/2015\/02\/JohnKoumoundouros-150x150.jpg"}],"twitter_card":"summary_large_image","twitter_misc":{"Est. reading time":"4 minutes"},"schema":{"@context":"https:\/\/schema.org","@graph":[{"@type":"WebPage","@id":"https:\/\/www.aviyatech.com\/fr\/lentreprise\/equipe-de-direction\/","url":"https:\/\/www.aviyatech.com\/fr\/lentreprise\/equipe-de-direction\/","name":"\u00c9quipe de direction - Aviya","isPartOf":{"@id":"https:\/\/www.aviyatech.com\/fr\/#website"},"datePublished":"2014-07-16T04:08:14+00:00","dateModified":"2024-06-27T15:17:58+00:00","breadcrumb":{"@id":"https:\/\/www.aviyatech.com\/fr\/lentreprise\/equipe-de-direction\/#breadcrumb"},"inLanguage":"fr-FR","potentialAction":[{"@type":"ReadAction","target":["https:\/\/www.aviyatech.com\/fr\/lentreprise\/equipe-de-direction\/"]}]},{"@type":"BreadcrumbList","@id":"https:\/\/www.aviyatech.com\/fr\/lentreprise\/equipe-de-direction\/#breadcrumb","itemListElement":[{"@type":"ListItem","position":1,"name":"Home","item":"https:\/\/www.aviyatech.com\/fr\/accueil\/"},{"@type":"ListItem","position":2,"name":"L&rsquo;entreprise","item":"https:\/\/www.aviyatech.com\/fr\/lentreprise\/"},{"@type":"ListItem","position":3,"name":"\u00c9quipe de direction"}]},{"@type":"WebSite","@id":"https:\/\/www.aviyatech.com\/fr\/#website","url":"https:\/\/www.aviyatech.com\/fr\/","name":"Aviya","description":"","publisher":{"@id":"https:\/\/www.aviyatech.com\/fr\/#organization"},"potentialAction":[{"@type":"SearchAction","target":{"@type":"EntryPoint","urlTemplate":"https:\/\/www.aviyatech.com\/fr\/?s={search_term_string}"},"query-input":"required name=search_term_string"}],"inLanguage":"fr-FR"},{"@type":"Organization","@id":"https:\/\/www.aviyatech.com\/fr\/#organization","name":"Aviya Aerospace Systems","url":"https:\/\/www.aviyatech.com\/fr\/","logo":{"@type":"ImageObject","inLanguage":"fr-FR","@id":"https:\/\/www.aviyatech.com\/fr\/#\/schema\/logo\/image\/","url":"http:\/\/www.aviyatech.com\/wp-content\/uploads\/2014\/07\/logo_en.png","contentUrl":"http:\/\/www.aviyatech.com\/wp-content\/uploads\/2014\/07\/logo_en.png","width":90,"height":84,"caption":"Aviya Aerospace Systems"},"image":{"@id":"https:\/\/www.aviyatech.com\/fr\/#\/schema\/logo\/image\/"},"sameAs":["https:\/\/www.linkedin.com\/company\/1026725"]}]}},"_links":{"self":[{"href":"https:\/\/www.aviyatech.com\/fr\/wp-json\/wp\/v2\/pages\/178"}],"collection":[{"href":"https:\/\/www.aviyatech.com\/fr\/wp-json\/wp\/v2\/pages"}],"about":[{"href":"https:\/\/www.aviyatech.com\/fr\/wp-json\/wp\/v2\/types\/page"}],"author":[{"embeddable":true,"href":"https:\/\/www.aviyatech.com\/fr\/wp-json\/wp\/v2\/users\/5"}],"replies":[{"embeddable":true,"href":"https:\/\/www.aviyatech.com\/fr\/wp-json\/wp\/v2\/comments?post=178"}],"version-history":[{"count":14,"href":"https:\/\/www.aviyatech.com\/fr\/wp-json\/wp\/v2\/pages\/178\/revisions"}],"predecessor-version":[{"id":2347,"href":"https:\/\/www.aviyatech.com\/fr\/wp-json\/wp\/v2\/pages\/178\/revisions\/2347"}],"up":[{"embeddable":true,"href":"https:\/\/www.aviyatech.com\/fr\/wp-json\/wp\/v2\/pages\/175"}],"wp:attachment":[{"href":"https:\/\/www.aviyatech.com\/fr\/wp-json\/wp\/v2\/media?parent=178"}],"curies":[{"name":"wp","href":"https:\/\/api.w.org\/{rel}","templated":true}]}}