{"id":176,"date":"2014-07-16T00:08:02","date_gmt":"2014-07-16T04:08:02","guid":{"rendered":"https:\/\/www.aviyatech.com\/?page_id=176"},"modified":"2024-05-07T19:16:19","modified_gmt":"2024-05-07T23:16:19","slug":"profil-de-lentreprise","status":"publish","type":"page","link":"https:\/\/www.aviyatech.com\/fr\/lentreprise\/profil-de-lentreprise\/","title":{"rendered":"Profil de l\u2019entreprise"},"content":{"rendered":"<h1>Profil de l\u2019entreprise<\/h1>\n<p>Aviya Aerospace Systems offre aux principales entreprises mondiales du secteur de l\u2019a\u00e9rospatial des solutions personnalis\u00e9es \u00e0 prix concurrentiel. Notre soci\u00e9t\u00e9 mise sur l\u2019excellence, tant du point de vue du service \u00e0 la client\u00e8le que de l\u2019ing\u00e9nierie.<\/p>\n<p>\u00c0 l\u2019aide de technologies de pointe comme notre Syst\u00e8me exclusif de simulation en circuit ferm\u00e9 (SSCF), nous r\u00e9volutionnons le d\u00e9veloppement et les essais des syst\u00e8mes essentiels \u00e0 la mission. Nous offrons un guichet unique pour r\u00e9soudre vos probl\u00e8mes techniques et assurer leur conformit\u00e9 aux normes en vigueur, en plus de respecter les d\u00e9lais fix\u00e9s, aussi exigeants soient-ils, car nous savons pertinemment que cela fait partie de n\u2019importe quel programme de d\u00e9veloppement.<\/p>\n<div style=\"max-width:600px;max-height:360px;\"><div class=\"video-shortcode\"><iframe loading=\"lazy\" title=\"YouTube video player\" width=\"600\" height=\"360\" src=\"http:\/\/www.youtube.com\/embed\/uxhVp6gncgg?wmode=transparent\" frameborder=\"0\" allowfullscreen><\/iframe><\/div><\/div>\n<p>Notre \u00e9quipe dynamique et diversifi\u00e9e d\u2019ing\u00e9nieurs sp\u00e9cialis\u00e9s comprend de jeunes dipl\u00f4m\u00e9s passionn\u00e9s et des employ\u00e9s chevronn\u00e9s. Nos capacit\u00e9s internes vont du d\u00e9veloppement de syst\u00e8mes, de mat\u00e9riel, de logiciels au d\u00e9veloppement m\u00e9canique, en passant par toutes les \u00e9tapes de la validation et de la v\u00e9rification int\u00e9grales des syst\u00e8mes.<\/p>\n<p>Tous les projets que nous entreprenons sont soumis \u00e0 notre rigoureux processus de gestion de programme, permettant d\u2019effectuer un suivi et des mises \u00e0 jour en temps r\u00e9el et de respecter les \u00e9ch\u00e9anciers et le budget fix\u00e9s. Nous tenons nos promesses et, gr\u00e2ce \u00e0 notre politique de prix forfaitaire d\u00e9finif, vous paierez seulement le prix indiqu\u00e9 sur notre devis.<\/p>\n<p><img loading=\"lazy\" decoding=\"async\" width=\"1260\" height=\"712\" class=\"alignnone wp-image-506 size-full\" src=\"https:\/\/www.aviyatech.com\/wp-content\/uploads\/2014\/07\/CorporateProfile.jpg\" alt=\"Un avion de ligne \u00e0 r\u00e9action.\" style=\"width:100%;\" srcset=\"https:\/\/www.aviyatech.com\/wp-content\/uploads\/2014\/07\/CorporateProfile.jpg 1260w, https:\/\/www.aviyatech.com\/wp-content\/uploads\/2014\/07\/CorporateProfile-300x170.jpg 300w, https:\/\/www.aviyatech.com\/wp-content\/uploads\/2014\/07\/CorporateProfile-1024x579.jpg 1024w\" sizes=\"(max-width: 1260px) 100vw, 1260px\" \/><\/p>\n<p>Nous travaillons en \u00e9troite collaboration avec nos clients afin de r\u00e9pondre \u00e0 l\u2019\u00e9volution de leurs besoins, et nous nous effor\u00e7ons de toujours avoir une longueur d\u2019avance sur les progr\u00e8s de la technologie et de notre industrie. Toutefois, nous restons fid\u00e8les aux ingr\u00e9dients de notre r\u00e9ussite et de notre croissance\u00a0: notre expertise, notre cr\u00e9ativit\u00e9, notre travail d\u2019\u00e9quipe et notre d\u00e9vouement.<\/p>\n<p>Le si\u00e8ge central d\u2019Aviya est situ\u00e9 \u00e0 Mississauga, en Ontario, tandis que notre site d\u2019ing\u00e9nierie est situ\u00e9 \u00e0 Longueuil, au Qu\u00e9bec.<\/p>\n","protected":false},"excerpt":{"rendered":"<p>Profil de l\u2019entreprise Aviya Aerospace Systems offre aux principales entreprises mondiales du secteur de l\u2019a\u00e9rospatial des solutions personnalis\u00e9es \u00e0 prix concurrentiel. Notre soci\u00e9t\u00e9 mise sur l\u2019excellence, tant du point de vue du service \u00e0 la client\u00e8le que de l\u2019ing\u00e9nierie. \u00c0 l\u2019aide de technologies de pointe comme notre Syst\u00e8me exclusif de simulation en circuit ferm\u00e9 (SSCF), [&hellip;]<\/p>\n","protected":false},"author":5,"featured_media":0,"parent":175,"menu_order":1,"comment_status":"open","ping_status":"closed","template":"","meta":{"footnotes":""},"acf":[],"yoast_head":"<!-- This site is optimized with the Yoast SEO plugin v21.7 - https:\/\/yoast.com\/wordpress\/plugins\/seo\/ -->\n<title>Profil de l\u2019entreprise - Aviya<\/title>\n<meta name=\"robots\" content=\"index, follow, max-snippet:-1, max-image-preview:large, max-video-preview:-1\" \/>\n<link rel=\"canonical\" href=\"https:\/\/www.aviyatech.com\/fr\/lentreprise\/profil-de-lentreprise\/\" \/>\n<meta property=\"og:locale\" content=\"fr_FR\" \/>\n<meta property=\"og:type\" content=\"article\" \/>\n<meta property=\"og:title\" content=\"Profil de l\u2019entreprise - Aviya\" \/>\n<meta property=\"og:description\" content=\"Profil de l\u2019entreprise Aviya Aerospace Systems offre aux principales entreprises mondiales du secteur de l\u2019a\u00e9rospatial des solutions personnalis\u00e9es \u00e0 prix concurrentiel. Notre soci\u00e9t\u00e9 mise sur l\u2019excellence, tant du point de vue du service \u00e0 la client\u00e8le que de l\u2019ing\u00e9nierie. \u00c0 l\u2019aide de technologies de pointe comme notre Syst\u00e8me exclusif de simulation en circuit ferm\u00e9 (SSCF), [&hellip;]\" \/>\n<meta property=\"og:url\" content=\"https:\/\/www.aviyatech.com\/fr\/lentreprise\/profil-de-lentreprise\/\" \/>\n<meta property=\"og:site_name\" content=\"Aviya\" \/>\n<meta property=\"article:modified_time\" content=\"2024-05-07T23:16:19+00:00\" \/>\n<meta property=\"og:image\" content=\"https:\/\/www.aviyatech.com\/wp-content\/uploads\/2014\/07\/CorporateProfile.jpg\" \/>\n<meta name=\"twitter:card\" content=\"summary_large_image\" \/>\n<meta name=\"twitter:label1\" content=\"Est. reading time\" \/>\n\t<meta name=\"twitter:data1\" content=\"2 minutes\" \/>\n<script type=\"application\/ld+json\" class=\"yoast-schema-graph\">{\"@context\":\"https:\/\/schema.org\",\"@graph\":[{\"@type\":\"WebPage\",\"@id\":\"https:\/\/www.aviyatech.com\/fr\/lentreprise\/profil-de-lentreprise\/\",\"url\":\"https:\/\/www.aviyatech.com\/fr\/lentreprise\/profil-de-lentreprise\/\",\"name\":\"Profil de l\u2019entreprise - Aviya\",\"isPartOf\":{\"@id\":\"https:\/\/www.aviyatech.com\/fr\/#website\"},\"datePublished\":\"2014-07-16T04:08:02+00:00\",\"dateModified\":\"2024-05-07T23:16:19+00:00\",\"breadcrumb\":{\"@id\":\"https:\/\/www.aviyatech.com\/fr\/lentreprise\/profil-de-lentreprise\/#breadcrumb\"},\"inLanguage\":\"fr-FR\",\"potentialAction\":[{\"@type\":\"ReadAction\",\"target\":[\"https:\/\/www.aviyatech.com\/fr\/lentreprise\/profil-de-lentreprise\/\"]}]},{\"@type\":\"BreadcrumbList\",\"@id\":\"https:\/\/www.aviyatech.com\/fr\/lentreprise\/profil-de-lentreprise\/#breadcrumb\",\"itemListElement\":[{\"@type\":\"ListItem\",\"position\":1,\"name\":\"Home\",\"item\":\"https:\/\/www.aviyatech.com\/fr\/accueil\/\"},{\"@type\":\"ListItem\",\"position\":2,\"name\":\"L&rsquo;entreprise\",\"item\":\"https:\/\/www.aviyatech.com\/fr\/lentreprise\/\"},{\"@type\":\"ListItem\",\"position\":3,\"name\":\"Profil de l\u2019entreprise\"}]},{\"@type\":\"WebSite\",\"@id\":\"https:\/\/www.aviyatech.com\/fr\/#website\",\"url\":\"https:\/\/www.aviyatech.com\/fr\/\",\"name\":\"Aviya\",\"description\":\"\",\"publisher\":{\"@id\":\"https:\/\/www.aviyatech.com\/fr\/#organization\"},\"potentialAction\":[{\"@type\":\"SearchAction\",\"target\":{\"@type\":\"EntryPoint\",\"urlTemplate\":\"https:\/\/www.aviyatech.com\/fr\/?s={search_term_string}\"},\"query-input\":\"required name=search_term_string\"}],\"inLanguage\":\"fr-FR\"},{\"@type\":\"Organization\",\"@id\":\"https:\/\/www.aviyatech.com\/fr\/#organization\",\"name\":\"Aviya Aerospace Systems\",\"url\":\"https:\/\/www.aviyatech.com\/fr\/\",\"logo\":{\"@type\":\"ImageObject\",\"inLanguage\":\"fr-FR\",\"@id\":\"https:\/\/www.aviyatech.com\/fr\/#\/schema\/logo\/image\/\",\"url\":\"http:\/\/www.aviyatech.com\/wp-content\/uploads\/2014\/07\/logo_en.png\",\"contentUrl\":\"http:\/\/www.aviyatech.com\/wp-content\/uploads\/2014\/07\/logo_en.png\",\"width\":90,\"height\":84,\"caption\":\"Aviya Aerospace Systems\"},\"image\":{\"@id\":\"https:\/\/www.aviyatech.com\/fr\/#\/schema\/logo\/image\/\"},\"sameAs\":[\"https:\/\/www.linkedin.com\/company\/1026725\"]}]}<\/script>\n<!-- \/ Yoast SEO plugin. -->","yoast_head_json":{"title":"Profil de l\u2019entreprise - Aviya","robots":{"index":"index","follow":"follow","max-snippet":"max-snippet:-1","max-image-preview":"max-image-preview:large","max-video-preview":"max-video-preview:-1"},"canonical":"https:\/\/www.aviyatech.com\/fr\/lentreprise\/profil-de-lentreprise\/","og_locale":"fr_FR","og_type":"article","og_title":"Profil de l\u2019entreprise - Aviya","og_description":"Profil de l\u2019entreprise Aviya Aerospace Systems offre aux principales entreprises mondiales du secteur de l\u2019a\u00e9rospatial des solutions personnalis\u00e9es \u00e0 prix concurrentiel. Notre soci\u00e9t\u00e9 mise sur l\u2019excellence, tant du point de vue du service \u00e0 la client\u00e8le que de l\u2019ing\u00e9nierie. \u00c0 l\u2019aide de technologies de pointe comme notre Syst\u00e8me exclusif de simulation en circuit ferm\u00e9 (SSCF), [&hellip;]","og_url":"https:\/\/www.aviyatech.com\/fr\/lentreprise\/profil-de-lentreprise\/","og_site_name":"Aviya","article_modified_time":"2024-05-07T23:16:19+00:00","og_image":[{"url":"https:\/\/www.aviyatech.com\/wp-content\/uploads\/2014\/07\/CorporateProfile.jpg"}],"twitter_card":"summary_large_image","twitter_misc":{"Est. reading time":"2 minutes"},"schema":{"@context":"https:\/\/schema.org","@graph":[{"@type":"WebPage","@id":"https:\/\/www.aviyatech.com\/fr\/lentreprise\/profil-de-lentreprise\/","url":"https:\/\/www.aviyatech.com\/fr\/lentreprise\/profil-de-lentreprise\/","name":"Profil de l\u2019entreprise - Aviya","isPartOf":{"@id":"https:\/\/www.aviyatech.com\/fr\/#website"},"datePublished":"2014-07-16T04:08:02+00:00","dateModified":"2024-05-07T23:16:19+00:00","breadcrumb":{"@id":"https:\/\/www.aviyatech.com\/fr\/lentreprise\/profil-de-lentreprise\/#breadcrumb"},"inLanguage":"fr-FR","potentialAction":[{"@type":"ReadAction","target":["https:\/\/www.aviyatech.com\/fr\/lentreprise\/profil-de-lentreprise\/"]}]},{"@type":"BreadcrumbList","@id":"https:\/\/www.aviyatech.com\/fr\/lentreprise\/profil-de-lentreprise\/#breadcrumb","itemListElement":[{"@type":"ListItem","position":1,"name":"Home","item":"https:\/\/www.aviyatech.com\/fr\/accueil\/"},{"@type":"ListItem","position":2,"name":"L&rsquo;entreprise","item":"https:\/\/www.aviyatech.com\/fr\/lentreprise\/"},{"@type":"ListItem","position":3,"name":"Profil de l\u2019entreprise"}]},{"@type":"WebSite","@id":"https:\/\/www.aviyatech.com\/fr\/#website","url":"https:\/\/www.aviyatech.com\/fr\/","name":"Aviya","description":"","publisher":{"@id":"https:\/\/www.aviyatech.com\/fr\/#organization"},"potentialAction":[{"@type":"SearchAction","target":{"@type":"EntryPoint","urlTemplate":"https:\/\/www.aviyatech.com\/fr\/?s={search_term_string}"},"query-input":"required name=search_term_string"}],"inLanguage":"fr-FR"},{"@type":"Organization","@id":"https:\/\/www.aviyatech.com\/fr\/#organization","name":"Aviya Aerospace Systems","url":"https:\/\/www.aviyatech.com\/fr\/","logo":{"@type":"ImageObject","inLanguage":"fr-FR","@id":"https:\/\/www.aviyatech.com\/fr\/#\/schema\/logo\/image\/","url":"http:\/\/www.aviyatech.com\/wp-content\/uploads\/2014\/07\/logo_en.png","contentUrl":"http:\/\/www.aviyatech.com\/wp-content\/uploads\/2014\/07\/logo_en.png","width":90,"height":84,"caption":"Aviya Aerospace Systems"},"image":{"@id":"https:\/\/www.aviyatech.com\/fr\/#\/schema\/logo\/image\/"},"sameAs":["https:\/\/www.linkedin.com\/company\/1026725"]}]}},"_links":{"self":[{"href":"https:\/\/www.aviyatech.com\/fr\/wp-json\/wp\/v2\/pages\/176"}],"collection":[{"href":"https:\/\/www.aviyatech.com\/fr\/wp-json\/wp\/v2\/pages"}],"about":[{"href":"https:\/\/www.aviyatech.com\/fr\/wp-json\/wp\/v2\/types\/page"}],"author":[{"embeddable":true,"href":"https:\/\/www.aviyatech.com\/fr\/wp-json\/wp\/v2\/users\/5"}],"replies":[{"embeddable":true,"href":"https:\/\/www.aviyatech.com\/fr\/wp-json\/wp\/v2\/comments?post=176"}],"version-history":[{"count":8,"href":"https:\/\/www.aviyatech.com\/fr\/wp-json\/wp\/v2\/pages\/176\/revisions"}],"predecessor-version":[{"id":2324,"href":"https:\/\/www.aviyatech.com\/fr\/wp-json\/wp\/v2\/pages\/176\/revisions\/2324"}],"up":[{"embeddable":true,"href":"https:\/\/www.aviyatech.com\/fr\/wp-json\/wp\/v2\/pages\/175"}],"wp:attachment":[{"href":"https:\/\/www.aviyatech.com\/fr\/wp-json\/wp\/v2\/media?parent=176"}],"curies":[{"name":"wp","href":"https:\/\/api.w.org\/{rel}","templated":true}]}}